{"id":815,"date":"2025-12-01T19:22:01","date_gmt":"2025-12-01T19:22:01","guid":{"rendered":"https:\/\/dev.auas-safarilodge.com\/?page_id=815"},"modified":"2025-12-10T20:35:16","modified_gmt":"2025-12-10T20:35:16","slug":"quick-facts","status":"publish","type":"page","link":"https:\/\/auas-safarilodge.com\/de\/quick-facts\/","title":{"rendered":"quick-facts"},"content":{"rendered":"<div data-elementor-type=\"wp-page\" data-elementor-id=\"815\" class=\"elementor elementor-815\">\n\t\t\t\t<div class=\"elementor-element elementor-element-e754de3 e-con-full e-flex e-con e-parent\" data-id=\"e754de3\" data-element_type=\"container\" data-e-type=\"container\" data-settings=\"{&quot;background_background&quot;:&quot;classic&quot;}\">\n\t\t\t\t<div class=\"elementor-element elementor-element-c7c6398 elementor-widget elementor-widget-heading\" data-id=\"c7c6398\" data-element_type=\"widget\" data-e-type=\"widget\" data-widget_type=\"heading.default\">\n\t\t\t\t\t<h2 class=\"elementor-heading-title elementor-size-default\">Kurze Fakten \u00fcber die Auas Safari Lodge<\/h2>\t\t\t\t<\/div>\n\t\t\t\t<div class=\"elementor-element elementor-element-8f42229 elementor-widget elementor-widget-text-editor\" data-id=\"8f42229\" data-element_type=\"widget\" data-e-type=\"widget\" data-widget_type=\"text-editor.default\">\n\t\t\t\t\t\t\t\t\t<p>Alles, was Sie auf einen Blick wissen m\u00fcssen<\/p>\t\t\t\t\t\t\t\t<\/div>\n\t\t\t\t<\/div>\n\t\t<div class=\"elementor-element elementor-element-46d2be3 e-flex e-con-boxed e-con e-parent\" data-id=\"46d2be3\" data-element_type=\"container\" data-e-type=\"container\">\n\t\t\t\t\t<div class=\"e-con-inner\">\n\t\t<div class=\"elementor-element elementor-element-54a84c6 e-grid e-con-full e-con e-child\" data-id=\"54a84c6\" data-element_type=\"container\" data-e-type=\"container\">\n\t\t<div class=\"elementor-element elementor-element-2d410e3 e-con-full e-flex e-con e-child\" data-id=\"2d410e3\" data-element_type=\"container\" data-e-type=\"container\" data-settings=\"{&quot;background_background&quot;:&quot;classic&quot;}\">\n\t\t\t\t<div class=\"elementor-element elementor-element-8a6f823 elementor-widget elementor-widget-heading\" data-id=\"8a6f823\" data-element_type=\"widget\" data-e-type=\"widget\" data-widget_type=\"heading.default\">\n\t\t\t\t\t<h2 class=\"elementor-heading-title elementor-size-default\">Unterkunft<\/h2>\t\t\t\t<\/div>\n\t\t\t\t<div class=\"elementor-element elementor-element-28b3ad1 elementor-widget elementor-widget-text-editor\" data-id=\"28b3ad1\" data-element_type=\"widget\" data-e-type=\"widget\" data-widget_type=\"text-editor.default\">\n\t\t\t\t\t\t\t\t\t<p class=\"translation-block\">Wir bieten 14 komfortabel eingerichtete Zimmer, alle mit eigenem Bad und Terrasse, damit die G\u00e4ste die einzigartige Naturumgebung der Auas Safari Lodge erleben k\u00f6nnen. Die Lodge verf\u00fcgt \u00fcber einen Swimmingpool, von dem aus die G\u00e4ste einen faszinierenden Blick auf den Sonnenuntergang, Wildtiere und die Landschaft genie\u00dfen k\u00f6nnen. Aus unserer K\u00fcche werden den G\u00e4sten exquisite lokale Gerichte in unserem Speisebereich serviert, der sowohl Innenpl\u00e4tze als auch Pl\u00e4tze auf der Terrasse bietet. Bar- und Lapa-Einrichtungen stehen ebenfalls zur Verf\u00fcgung, und Kaffee\/Tee ist in jedem Zimmer erh\u00e4ltlich. F\u00fcr weitere Informationen kontaktieren Sie uns bitte unter <a class=\"decorated-link cursor-pointer\" href=\"mailto:info@auas-safarilodge.com\" rel=\"noopener\" data-start=\"1601\" data-end=\"1626\" target=\"_self\">info@auas-safarilodge.com<\/a>.<\/p>\t\t\t\t\t\t\t\t<\/div>\n\t\t\t\t<\/div>\n\t\t<div class=\"elementor-element elementor-element-39616b3 e-con-full e-flex e-con e-child\" data-id=\"39616b3\" data-element_type=\"container\" data-e-type=\"container\">\n\t\t\t\t<div class=\"elementor-element elementor-element-c7f137a elementor-widget elementor-widget-heading\" data-id=\"c7f137a\" data-element_type=\"widget\" data-e-type=\"widget\" data-widget_type=\"heading.default\">\n\t\t\t\t\t<h2 class=\"elementor-heading-title elementor-size-default\">Aktivit\u00e4ten<\/h2>\t\t\t\t<\/div>\n\t\t\t\t<div class=\"elementor-element elementor-element-2596d1b elementor-widget elementor-widget-text-editor\" data-id=\"2596d1b\" data-element_type=\"widget\" data-e-type=\"widget\" data-widget_type=\"text-editor.default\">\n\t\t\t\t\t\t\t\t\t<p>Wenn Sie die afrikanische Natur entdecken m\u00f6chten, gibt es keinen Vergleich zur Auas Safari Lodge, die eine gro\u00dfe Vielfalt an Vogel- und Wildtieren beherbergt. Diese k\u00f6nnen bei t\u00e4glichen Game Drives, w\u00e4hrend Vogelbeobachtungstouren oder auf gef\u00fchrten Wanderungen erkundet werden. Au\u00dferdem bieten wir 4 gut markierte Mountainbike-Strecken und zahlreiche Wanderwege durch den Busch.<\/p>\t\t\t\t\t\t\t\t<\/div>\n\t\t\t\t<\/div>\n\t\t\t\t<\/div>\n\t\t\t\t\t<\/div>\n\t\t\t\t<\/div>\n\t\t<div class=\"elementor-element elementor-element-b148200 e-flex e-con-boxed e-con e-parent\" data-id=\"b148200\" data-element_type=\"container\" data-e-type=\"container\" data-settings=\"{&quot;background_background&quot;:&quot;classic&quot;}\">\n\t\t\t\t\t<div class=\"e-con-inner\">\n\t\t<div class=\"elementor-element elementor-element-45581fa e-grid e-con-full e-con e-child\" data-id=\"45581fa\" data-element_type=\"container\" data-e-type=\"container\">\n\t\t<div class=\"elementor-element elementor-element-ee01ce1 e-con-full e-flex e-con e-child\" data-id=\"ee01ce1\" data-element_type=\"container\" data-e-type=\"container\">\n\t\t\t\t<div class=\"elementor-element elementor-element-6c9e7f4 elementor-widget elementor-widget-heading\" data-id=\"6c9e7f4\" data-element_type=\"widget\" data-e-type=\"widget\" data-widget_type=\"heading.default\">\n\t\t\t\t\t<h2 class=\"elementor-heading-title elementor-size-default\">SPA-Einrichtungen<\/h2>\t\t\t\t<\/div>\n\t\t\t\t<div class=\"elementor-element elementor-element-2339e34 elementor-widget elementor-widget-text-editor\" data-id=\"2339e34\" data-element_type=\"widget\" data-e-type=\"widget\" data-widget_type=\"text-editor.default\">\n\t\t\t\t\t\t\t\t\t<p data-start=\"2163\" data-end=\"2303\" class=\"translation-block\">Entspannen Sie ein wenig und g\u00f6nnen Sie Ihrem K\u00f6rper Ruhe. Im Auas SPA bieten wir R\u00fccken-, Nacken- und Schultermassagen sowie Ganzk\u00f6rpermassagen an. <a href=\"https:\/\/dev.auas-safarilodge.com\/spa\/\" target=\"_self\">See rates<\/a>.<\/p>\t\t\t\t\t\t\t\t<\/div>\n\t\t\t\t<\/div>\n\t\t<div class=\"elementor-element elementor-element-6e1cbab e-con-full e-flex e-con e-child\" data-id=\"6e1cbab\" data-element_type=\"container\" data-e-type=\"container\" data-settings=\"{&quot;background_background&quot;:&quot;classic&quot;}\">\n\t\t\t\t<div class=\"elementor-element elementor-element-d49a9ee elementor-widget elementor-widget-heading\" data-id=\"d49a9ee\" data-element_type=\"widget\" data-e-type=\"widget\" data-widget_type=\"heading.default\">\n\t\t\t\t\t<h2 class=\"elementor-heading-title elementor-size-default\">Transfers<\/h2>\t\t\t\t<\/div>\n\t\t\t\t<div class=\"elementor-element elementor-element-72f9099 elementor-widget elementor-widget-text-editor\" data-id=\"72f9099\" data-element_type=\"widget\" data-e-type=\"widget\" data-widget_type=\"text-editor.default\">\n\t\t\t\t\t\t\t\t\t<p class=\"translation-block\">Die Auas Safari Lodge kann Transfers zum und vom Flughafen oder nach Windhoek organisieren. Bitte kontaktieren Sie uns vorab unter <a class=\"decorated-link cursor-pointer\" href=\"mailto:info@auas-safarilodge.com\" rel=\"noopener\" data-start=\"2485\" data-end=\"2510\" target=\"_self\">info@auas-safarilodge.com<\/a> oder rufen Sie uns unter <a href=\"tel:+264 61 24 0043\" target=\"_self\">+264 61 24 0043<\/a> an, damit wir den Transfer entsprechend arrangieren k\u00f6nnen.<\/p>\t\t\t\t\t\t\t\t<\/div>\n\t\t\t\t<\/div>\n\t\t\t\t<\/div>\n\t\t\t\t\t<\/div>\n\t\t\t\t<\/div>\n\t\t<div class=\"elementor-element elementor-element-03a2438 e-flex e-con-boxed e-con e-parent\" data-id=\"03a2438\" data-element_type=\"container\" data-e-type=\"container\">\n\t\t\t\t\t<div class=\"e-con-inner\">\n\t\t<div class=\"elementor-element elementor-element-ba3d458 e-grid e-con-full e-con e-child\" data-id=\"ba3d458\" data-element_type=\"container\" data-e-type=\"container\">\n\t\t<div class=\"elementor-element elementor-element-9a4181f e-con-full e-flex e-con e-child\" data-id=\"9a4181f\" data-element_type=\"container\" data-e-type=\"container\" data-settings=\"{&quot;background_background&quot;:&quot;classic&quot;}\">\n\t\t\t\t<div class=\"elementor-element elementor-element-b81d526 elementor-widget elementor-widget-heading\" data-id=\"b81d526\" data-element_type=\"widget\" data-e-type=\"widget\" data-widget_type=\"heading.default\">\n\t\t\t\t\t<h2 class=\"elementor-heading-title elementor-size-default\">Teambuilding und Veranstaltungen<\/h2>\t\t\t\t<\/div>\n\t\t\t\t<div class=\"elementor-element elementor-element-3e9f223 elementor-widget elementor-widget-text-editor\" data-id=\"3e9f223\" data-element_type=\"widget\" data-e-type=\"widget\" data-widget_type=\"text-editor.default\">\n\t\t\t\t\t\t\t\t\t<p class=\"translation-block\">Ben\u00f6tigen Sie Hilfe bei der Planung Ihrer Hochzeit oder einer Teambuilding-Aktivit\u00e4t? Schreiben Sie uns eine E-Mail an \u2013 <a class=\"decorated-link cursor-pointer\" href=\"mailto:manager@auas-safarilodge.com\" rel=\"noopener\" data-start=\"2783\" data-end=\"2811\" target=\"_self\">manager@auas-safarilodge.com<\/a><\/p>\t\t\t\t\t\t\t\t<\/div>\n\t\t\t\t<\/div>\n\t\t\t\t<div class=\"elementor-element elementor-element-93012b0 elementor-widget elementor-widget-image\" data-id=\"93012b0\" data-element_type=\"widget\" data-e-type=\"widget\" data-widget_type=\"image.default\">\n\t\t\t\t\t\t\t\t\t\t\t\t\t\t\t<img fetchpriority=\"high\" decoding=\"async\" width=\"1280\" height=\"960\" src=\"https:\/\/auas-safarilodge.com\/wp-content\/uploads\/2025\/12\/konfroom.jpeg\" class=\"attachment-full size-full wp-image-841\" alt=\"\" srcset=\"https:\/\/auas-safarilodge.com\/wp-content\/uploads\/2025\/12\/konfroom.jpeg 1280w, https:\/\/auas-safarilodge.com\/wp-content\/uploads\/2025\/12\/konfroom-300x225.jpeg 300w, https:\/\/auas-safarilodge.com\/wp-content\/uploads\/2025\/12\/konfroom-1024x768.jpeg 1024w, https:\/\/auas-safarilodge.com\/wp-content\/uploads\/2025\/12\/konfroom-768x576.jpeg 768w\" sizes=\"(max-width: 1280px) 100vw, 1280px\" \/>\t\t\t\t\t\t\t\t\t\t\t\t\t\t\t<\/div>\n\t\t\t\t<\/div>\n\t\t\t\t\t<\/div>\n\t\t\t\t<\/div>\n\t\t\t\t<\/div>","protected":false},"excerpt":{"rendered":"<p>Quick Facts about Auas Safari Lodge Everything you need to know at a glance Accommodation We offer 14 comfortably furnished, all en-suite rooms, with a terrace for guests to get in touch with the unique natural surroundings Auas Safari Lodge provides. The Lodge facilitates a swimming pool where guests can enjoy a truly fascinating view [&hellip;]<\/p>","protected":false},"author":2,"featured_media":0,"parent":0,"menu_order":0,"comment_status":"closed","ping_status":"closed","template":"elementor_header_footer","meta":{"footnotes":""},"class_list":["post-815","page","type-page","status-publish","hentry"],"_links":{"self":[{"href":"https:\/\/auas-safarilodge.com\/de\/wp-json\/wp\/v2\/pages\/815","targetHints":{"allow":["GET"]}}],"collection":[{"href":"https:\/\/auas-safarilodge.com\/de\/wp-json\/wp\/v2\/pages"}],"about":[{"href":"https:\/\/auas-safarilodge.com\/de\/wp-json\/wp\/v2\/types\/page"}],"author":[{"embeddable":true,"href":"https:\/\/auas-safarilodge.com\/de\/wp-json\/wp\/v2\/users\/2"}],"replies":[{"embeddable":true,"href":"https:\/\/auas-safarilodge.com\/de\/wp-json\/wp\/v2\/comments?post=815"}],"version-history":[{"count":31,"href":"https:\/\/auas-safarilodge.com\/de\/wp-json\/wp\/v2\/pages\/815\/revisions"}],"predecessor-version":[{"id":1156,"href":"https:\/\/auas-safarilodge.com\/de\/wp-json\/wp\/v2\/pages\/815\/revisions\/1156"}],"wp:attachment":[{"href":"https:\/\/auas-safarilodge.com\/de\/wp-json\/wp\/v2\/media?parent=815"}],"curies":[{"name":"wp","href":"https:\/\/api.w.org\/{rel}","templated":true}]}}