{"id":736,"date":"2025-12-01T13:18:09","date_gmt":"2025-12-01T13:18:09","guid":{"rendered":"https:\/\/dev.auas-safarilodge.com\/?page_id=736"},"modified":"2026-01-05T09:34:12","modified_gmt":"2026-01-05T09:34:12","slug":"lodge","status":"publish","type":"page","link":"https:\/\/auas-safarilodge.com\/de\/lodge\/","title":{"rendered":"lodge"},"content":{"rendered":"<div data-elementor-type=\"wp-page\" data-elementor-id=\"736\" class=\"elementor elementor-736\">\n\t\t\t\t<div class=\"elementor-element elementor-element-4873dca e-con-full e-flex e-con e-parent\" data-id=\"4873dca\" data-element_type=\"container\" data-e-type=\"container\" data-settings=\"{&quot;background_background&quot;:&quot;classic&quot;}\">\n\t\t\t\t<div class=\"elementor-element elementor-element-fe663e4 elementor-widget elementor-widget-heading\" data-id=\"fe663e4\" data-element_type=\"widget\" data-e-type=\"widget\" data-widget_type=\"heading.default\">\n\t\t\t\t\t<h2 class=\"elementor-heading-title elementor-size-default\">Mehr \u00fcber Auas Safari Lodge<\/h2>\t\t\t\t<\/div>\n\t\t\t\t<div class=\"elementor-element elementor-element-4f43ca3 elementor-widget elementor-widget-text-editor\" data-id=\"4f43ca3\" data-element_type=\"widget\" data-e-type=\"widget\" data-widget_type=\"text-editor.default\">\n\t\t\t\t\t\t\t\t\t<p>Wo Natur, Komfort und namibische Herzlichkeit aufeinandertreffen<\/p>\t\t\t\t\t\t\t\t<\/div>\n\t\t\t\t<\/div>\n\t\t<div class=\"elementor-element elementor-element-5cdf230 e-flex e-con-boxed e-con e-parent\" data-id=\"5cdf230\" data-element_type=\"container\" data-e-type=\"container\" data-settings=\"{&quot;background_background&quot;:&quot;classic&quot;}\">\n\t\t\t\t\t<div class=\"e-con-inner\">\n\t\t<div class=\"elementor-element elementor-element-71abe65 e-grid e-con-full e-con e-child\" data-id=\"71abe65\" data-element_type=\"container\" data-e-type=\"container\">\n\t\t<div class=\"elementor-element elementor-element-32a0aa9 e-con-full e-flex e-con e-child\" data-id=\"32a0aa9\" data-element_type=\"container\" data-e-type=\"container\">\n\t\t\t\t<div class=\"elementor-element elementor-element-b48b315 elementor-widget elementor-widget-heading\" data-id=\"b48b315\" data-element_type=\"widget\" data-e-type=\"widget\" data-widget_type=\"heading.default\">\n\t\t\t\t\t<h2 class=\"elementor-heading-title elementor-size-default\">Willkommen in der Auas Safari Lodge<\/h2>\t\t\t\t<\/div>\n\t\t\t\t<div class=\"elementor-element elementor-element-5cc1f0b elementor-widget elementor-widget-text-editor\" data-id=\"5cc1f0b\" data-element_type=\"widget\" data-e-type=\"widget\" data-widget_type=\"text-editor.default\">\n\t\t\t\t\t\t\t\t\t<p>Weniger als eine Stunde Fahrt vom Hosea-Kutako-Flughafen entfernt liegt ein St\u00fcck Paradies im Schatten der Auas-Berge.<\/p><p>Vierzehn stilvoll eingerichtete Luxuszimmer mit eigenem Bad und privater Terrasse bieten Erholung nach einem langen Flug oder einer anstrengenden Arbeitswoche.<\/p><p>Die fr\u00fchen Abende verbringt man damit, auf der Veranda Getr\u00e4nke zu genie\u00dfen, w\u00e4hrend die Sonne \u00fcber der afrikanischen Savanne untergeht. W\u00e4hrend Sie die Tierwelt am nahegelegenen Wasserloch beobachten, bereiten unsere K\u00f6che Mahlzeiten zu, die die G\u00e4ste auf eine kulinarische Reise mitnehmen.<\/p><p>Die Vielzahl an Vogel- und Tierarten bietet endlose M\u00f6glichkeiten f\u00fcr beeindruckende Fotos. Sonnenbaden am Pool ist ideal zum Entspannen.<\/p><p>Die Auas Safari Lodge ist ein verborgenes Juwel im Herzen Namibias und hei\u00dft alle Reisenden willkommen.\u00a0<\/p>\t\t\t\t\t\t\t\t<\/div>\n\t\t\t\t<\/div>\n\t\t<div class=\"elementor-element elementor-element-24daedd e-con-full e-flex e-con e-child\" data-id=\"24daedd\" data-element_type=\"container\" data-e-type=\"container\">\n\t\t\t\t<div class=\"elementor-element elementor-element-35de8dc elementor-widget elementor-widget-image\" data-id=\"35de8dc\" data-element_type=\"widget\" data-e-type=\"widget\" data-widget_type=\"image.default\">\n\t\t\t\t\t\t\t\t\t\t\t\t\t\t\t<img fetchpriority=\"high\" decoding=\"async\" width=\"1020\" height=\"765\" src=\"https:\/\/auas-safarilodge.com\/wp-content\/uploads\/2025\/12\/terasse2.jpeg\" class=\"attachment-full size-full wp-image-739\" alt=\"\" srcset=\"https:\/\/auas-safarilodge.com\/wp-content\/uploads\/2025\/12\/terasse2.jpeg 1020w, https:\/\/auas-safarilodge.com\/wp-content\/uploads\/2025\/12\/terasse2-300x225.jpeg 300w, https:\/\/auas-safarilodge.com\/wp-content\/uploads\/2025\/12\/terasse2-768x576.jpeg 768w\" sizes=\"(max-width: 1020px) 100vw, 1020px\" \/>\t\t\t\t\t\t\t\t\t\t\t\t\t\t\t<\/div>\n\t\t\t\t<\/div>\n\t\t\t\t<\/div>\n\t\t\t\t\t<\/div>\n\t\t\t\t<\/div>\n\t\t<div class=\"elementor-element elementor-element-dec276b e-flex e-con-boxed e-con e-parent\" data-id=\"dec276b\" data-element_type=\"container\" data-e-type=\"container\" data-settings=\"{&quot;background_background&quot;:&quot;classic&quot;}\">\n\t\t\t\t\t<div class=\"e-con-inner\">\n\t\t<div class=\"elementor-element elementor-element-5b50b3d e-grid e-con-full e-con e-child\" data-id=\"5b50b3d\" data-element_type=\"container\" data-e-type=\"container\">\n\t\t<div class=\"elementor-element elementor-element-ecd76dc e-con-full e-flex e-con e-child\" data-id=\"ecd76dc\" data-element_type=\"container\" data-e-type=\"container\">\n\t\t\t\t<div class=\"elementor-element elementor-element-5679b71 elementor-widget elementor-widget-image\" data-id=\"5679b71\" data-element_type=\"widget\" data-e-type=\"widget\" data-widget_type=\"image.default\">\n\t\t\t\t\t\t\t\t\t\t\t\t\t\t\t<img decoding=\"async\" width=\"1020\" height=\"765\" data-src=\"https:\/\/auas-safarilodge.com\/wp-content\/uploads\/2025\/12\/transfer2.jpeg\" class=\"attachment-full size-full wp-image-757 lazyload\" alt=\"\" data-srcset=\"https:\/\/auas-safarilodge.com\/wp-content\/uploads\/2025\/12\/transfer2.jpeg 1020w, https:\/\/auas-safarilodge.com\/wp-content\/uploads\/2025\/12\/transfer2-300x225.jpeg 300w, https:\/\/auas-safarilodge.com\/wp-content\/uploads\/2025\/12\/transfer2-768x576.jpeg 768w\" data-sizes=\"(max-width: 1020px) 100vw, 1020px\" src=\"data:image\/svg+xml;base64,PHN2ZyB3aWR0aD0iMSIgaGVpZ2h0PSIxIiB4bWxucz0iaHR0cDovL3d3dy53My5vcmcvMjAwMC9zdmciPjwvc3ZnPg==\" style=\"--smush-placeholder-width: 1020px; --smush-placeholder-aspect-ratio: 1020\/765;\" \/>\t\t\t\t\t\t\t\t\t\t\t\t\t\t\t<\/div>\n\t\t\t\t<\/div>\n\t\t<div class=\"elementor-element elementor-element-51920ad e-con-full e-flex e-con e-child\" data-id=\"51920ad\" data-element_type=\"container\" data-e-type=\"container\">\n\t\t\t\t<div class=\"elementor-element elementor-element-e54180b elementor-widget elementor-widget-heading\" data-id=\"e54180b\" data-element_type=\"widget\" data-e-type=\"widget\" data-widget_type=\"heading.default\">\n\t\t\t\t\t<h2 class=\"elementor-heading-title elementor-size-default\">Transfers<\/h2>\t\t\t\t<\/div>\n\t\t\t\t<div class=\"elementor-element elementor-element-26d6a75 elementor-widget elementor-widget-text-editor\" data-id=\"26d6a75\" data-element_type=\"widget\" data-e-type=\"widget\" data-widget_type=\"text-editor.default\">\n\t\t\t\t\t\t\t\t\t<p>Auas Safari Lodge can arrange for transfers to and from the Airport or to Windhoek. Please contact us by email <a href=\"mailto:info@auas-safarilodge.com\">info@auas-safarilodge.com<\/a>, via Whatsapp <a href=\"https:\/\/wa.me\/264815804794\"><span class=\"elementor-icon-list-text\">+264 81 580 47 94<\/span><\/a> or call us on <a href=\"tel:+264 61 240043\">+264 61 24 0043<\/a> in advance for us to arrange the transfer accordingly.<\/p>\t\t\t\t\t\t\t\t<\/div>\n\t\t\t\t<\/div>\n\t\t\t\t<\/div>\n\t\t\t\t\t<\/div>\n\t\t\t\t<\/div>\n\t\t\t\t<\/div>","protected":false},"excerpt":{"rendered":"<p>More About Auas Safari Lodge Where Nature, Comfort &amp; Namibian Warmth Meet Welcome to Auas Safari Lodge Less than an hour\u2019s drive from Hosea Kutako Airport lies a piece of paradise in the shade of the Auas Mountains. Fourteen well-appointed luxury rooms with en-suite bathrooms and private terraces offer respite after a long flight or [&hellip;]<\/p>","protected":false},"author":2,"featured_media":0,"parent":0,"menu_order":0,"comment_status":"closed","ping_status":"closed","template":"elementor_header_footer","meta":{"footnotes":""},"class_list":["post-736","page","type-page","status-publish","hentry"],"_links":{"self":[{"href":"https:\/\/auas-safarilodge.com\/de\/wp-json\/wp\/v2\/pages\/736","targetHints":{"allow":["GET"]}}],"collection":[{"href":"https:\/\/auas-safarilodge.com\/de\/wp-json\/wp\/v2\/pages"}],"about":[{"href":"https:\/\/auas-safarilodge.com\/de\/wp-json\/wp\/v2\/types\/page"}],"author":[{"embeddable":true,"href":"https:\/\/auas-safarilodge.com\/de\/wp-json\/wp\/v2\/users\/2"}],"replies":[{"embeddable":true,"href":"https:\/\/auas-safarilodge.com\/de\/wp-json\/wp\/v2\/comments?post=736"}],"version-history":[{"count":19,"href":"https:\/\/auas-safarilodge.com\/de\/wp-json\/wp\/v2\/pages\/736\/revisions"}],"predecessor-version":[{"id":1254,"href":"https:\/\/auas-safarilodge.com\/de\/wp-json\/wp\/v2\/pages\/736\/revisions\/1254"}],"wp:attachment":[{"href":"https:\/\/auas-safarilodge.com\/de\/wp-json\/wp\/v2\/media?parent=736"}],"curies":[{"name":"wp","href":"https:\/\/api.w.org\/{rel}","templated":true}]}}