{"id":716,"date":"2025-11-26T13:19:27","date_gmt":"2025-11-26T13:19:27","guid":{"rendered":"https:\/\/dev.auas-safarilodge.com\/?page_id=716"},"modified":"2026-01-12T06:56:19","modified_gmt":"2026-01-12T06:56:19","slug":"spa","status":"publish","type":"page","link":"https:\/\/auas-safarilodge.com\/de\/spa\/","title":{"rendered":"spa"},"content":{"rendered":"<div data-elementor-type=\"wp-page\" data-elementor-id=\"716\" class=\"elementor elementor-716\">\n\t\t\t\t<div class=\"elementor-element elementor-element-b8b5773 e-con-full e-flex e-con e-parent\" data-id=\"b8b5773\" data-element_type=\"container\" data-e-type=\"container\" data-settings=\"{&quot;background_background&quot;:&quot;classic&quot;}\">\n\t\t\t\t<div class=\"elementor-element elementor-element-ee17a69 elementor-widget elementor-widget-heading\" data-id=\"ee17a69\" data-element_type=\"widget\" data-e-type=\"widget\" data-widget_type=\"heading.default\">\n\t\t\t\t\t<h2 class=\"elementor-heading-title elementor-size-default\">Auas Spa R\u00fcckzugsort<\/h2>\t\t\t\t<\/div>\n\t\t\t\t<div class=\"elementor-element elementor-element-bbe2865 elementor-widget elementor-widget-text-editor\" data-id=\"bbe2865\" data-element_type=\"widget\" data-e-type=\"widget\" data-widget_type=\"text-editor.default\">\n\t\t\t\t\t\t\t\t\t<p data-start=\"714\" data-end=\"820\">Langsam machen, entspannen und die Ruhe des namibischen Buschs auf sich wirken lassen.<\/p><h2 data-start=\"822\" data-end=\"871\">\u00a0<\/h2>\t\t\t\t\t\t\t\t<\/div>\n\t\t\t\t<\/div>\n\t\t<div class=\"elementor-element elementor-element-bf5dc5e e-flex e-con-boxed e-con e-parent\" data-id=\"bf5dc5e\" data-element_type=\"container\" data-e-type=\"container\" data-settings=\"{&quot;background_background&quot;:&quot;classic&quot;}\">\n\t\t\t\t\t<div class=\"e-con-inner\">\n\t\t\t\t<div class=\"elementor-element elementor-element-702fbcd elementor-widget elementor-widget-heading\" data-id=\"702fbcd\" data-element_type=\"widget\" data-e-type=\"widget\" data-widget_type=\"heading.default\">\n\t\t\t\t\t<h2 class=\"elementor-heading-title elementor-size-default\">Unsere Spa-Behandlungen<\/h2>\t\t\t\t<\/div>\n\t\t\t\t<div class=\"elementor-element elementor-element-fa85b38 elementor-widget elementor-widget-text-editor\" data-id=\"fa85b38\" data-element_type=\"widget\" data-e-type=\"widget\" data-widget_type=\"text-editor.default\">\n\t\t\t\t\t\t\t\t\t<blockquote data-start=\"1007\" data-end=\"1133\"><p data-start=\"1009\" data-end=\"1033\">Im Auas SPA bieten wir an:<\/p><ul data-start=\"1044\" data-end=\"1133\"><li data-start=\"1044\" data-end=\"1078\"><p data-start=\"1046\" data-end=\"1078\">R\u00fccken, Nacken &amp; Schullter Massage<\/p><\/li><li data-start=\"1083\" data-end=\"1105\"><p data-start=\"1085\" data-end=\"1105\">K\u00f6rper Massage<\/p><\/li><li data-start=\"1110\" data-end=\"1133\"><p data-start=\"1112\" data-end=\"1133\">Indische Kopf Massage<\/p><\/li><\/ul><\/blockquote><h2 data-start=\"1135\" data-end=\"1193\">\u00a0<\/h2>\t\t\t\t\t\t\t\t<\/div>\n\t\t\t\t\t<\/div>\n\t\t\t\t<\/div>\n\t\t<div class=\"elementor-element elementor-element-c8c5683 e-flex e-con-boxed e-con e-parent\" data-id=\"c8c5683\" data-element_type=\"container\" data-e-type=\"container\" data-settings=\"{&quot;background_background&quot;:&quot;classic&quot;}\">\n\t\t\t\t\t<div class=\"e-con-inner\">\n\t\t\t\t<div class=\"elementor-element elementor-element-1f15903 elementor-widget elementor-widget-heading\" data-id=\"1f15903\" data-element_type=\"widget\" data-e-type=\"widget\" data-widget_type=\"heading.default\">\n\t\t\t\t\t<h2 class=\"elementor-heading-title elementor-size-default\">Preise f\u00fcr Auas SPA-Behandlungen<\/h2>\t\t\t\t<\/div>\n\t\t<div class=\"elementor-element elementor-element-7550b30 e-grid e-con-full e-con e-child\" data-id=\"7550b30\" data-element_type=\"container\" data-e-type=\"container\">\n\t\t\t\t<div class=\"elementor-element elementor-element-da998d4 elementor-widget elementor-widget-text-editor\" data-id=\"da998d4\" data-element_type=\"widget\" data-e-type=\"widget\" data-widget_type=\"text-editor.default\">\n\t\t\t\t\t\t\t\t\t<p class=\"translation-block\"><b>R\u00fccken-, Nacken- und Schultermassage<\/b>\n<br><b>45 Min. N$ 550,00<\/b><br>\nDiese Massage bietet eine intensive Tiefengewebsmassage, die Sie entspannt und stressfrei zur\u00fcckl\u00e4sst und gleichzeitig verspannte Muskeln l\u00f6st.<\/p>\t\t\t\t\t\t\t\t<\/div>\n\t\t\t\t<div class=\"elementor-element elementor-element-4cf54fc elementor-widget elementor-widget-text-editor\" data-id=\"4cf54fc\" data-element_type=\"widget\" data-e-type=\"widget\" data-widget_type=\"text-editor.default\">\n\t\t\t\t\t\t\t\t\t<p class=\"translation-block\"><b>Ganzk\u00f6rpermassage<\/b><br><b>90 min N$ 900.00<\/b><br>Erleben Sie vollst\u00e4ndige Entspannung mit unserer speziellen Ganzk\u00f6rpermassage. Botanische \u00d6le und einzigartige Massagetechniken verbessern nicht nur den Hautton, sondern lindern M\u00fcdigkeit, reduzieren Schwellungen, l\u00f6sen Muskelverspannungen und f\u00f6rdern die Flexibilit\u00e4t.<\/p>\t\t\t\t\t\t\t\t<\/div>\n\t\t\t\t<div class=\"elementor-element elementor-element-ca9fb7e elementor-widget elementor-widget-text-editor\" data-id=\"ca9fb7e\" data-element_type=\"widget\" data-e-type=\"widget\" data-widget_type=\"text-editor.default\">\n\t\t\t\t\t\t\t\t\t<p class=\"translation-block\"><b>Indische Kopf Massage<br>30 min N$ 400<\/b><\/p>\t\t\t\t\t\t\t\t<\/div>\n\t\t\t\t<\/div>\n\t\t\t\t\t<\/div>\n\t\t\t\t<\/div>\n\t\t<div class=\"elementor-element elementor-element-d853248 e-flex e-con-boxed e-con e-parent\" data-id=\"d853248\" data-element_type=\"container\" data-e-type=\"container\" data-settings=\"{&quot;background_background&quot;:&quot;classic&quot;}\">\n\t\t\t\t\t<div class=\"e-con-inner\">\n\t\t\t\t<div class=\"elementor-element elementor-element-d7dec40 elementor-arrows-position-inside elementor-pagination-position-outside elementor-widget elementor-widget-image-carousel\" data-id=\"d7dec40\" data-element_type=\"widget\" data-e-type=\"widget\" data-settings=\"{&quot;slides_to_show&quot;:&quot;1&quot;,&quot;navigation&quot;:&quot;both&quot;,&quot;autoplay&quot;:&quot;yes&quot;,&quot;pause_on_hover&quot;:&quot;yes&quot;,&quot;pause_on_interaction&quot;:&quot;yes&quot;,&quot;autoplay_speed&quot;:5000,&quot;infinite&quot;:&quot;yes&quot;,&quot;effect&quot;:&quot;slide&quot;,&quot;speed&quot;:500}\" data-widget_type=\"image-carousel.default\">\n\t\t\t\t\t\t\t<div class=\"elementor-image-carousel-wrapper swiper\" role=\"region\" aria-roledescription=\"carousel\" aria-label=\"Image Carousel\" dir=\"ltr\">\n\t\t\t<div class=\"elementor-image-carousel swiper-wrapper\" aria-live=\"off\">\n\t\t\t\t\t\t\t\t<div class=\"swiper-slide\" role=\"group\" aria-roledescription=\"slide\" aria-label=\"1 von 3\" data-no-translation-aria-label=\"\"><figure class=\"swiper-slide-inner\"><img decoding=\"async\" class=\"swiper-slide-image lazyload\" data-src=\"https:\/\/auas-safarilodge.com\/wp-content\/uploads\/2025\/11\/spa2.jpeg\" alt=\"spa2\" src=\"data:image\/svg+xml;base64,PHN2ZyB3aWR0aD0iMSIgaGVpZ2h0PSIxIiB4bWxucz0iaHR0cDovL3d3dy53My5vcmcvMjAwMC9zdmciPjwvc3ZnPg==\" style=\"--smush-placeholder-width: 1020px; --smush-placeholder-aspect-ratio: 1020\/765;\" \/><\/figure><\/div><div class=\"swiper-slide\" role=\"group\" aria-roledescription=\"slide\" aria-label=\"2 von 3\" data-no-translation-aria-label=\"\"><figure class=\"swiper-slide-inner\"><img decoding=\"async\" class=\"swiper-slide-image lazyload\" data-src=\"https:\/\/auas-safarilodge.com\/wp-content\/uploads\/2025\/11\/spa3.jpeg\" alt=\"spa3\" src=\"data:image\/svg+xml;base64,PHN2ZyB3aWR0aD0iMSIgaGVpZ2h0PSIxIiB4bWxucz0iaHR0cDovL3d3dy53My5vcmcvMjAwMC9zdmciPjwvc3ZnPg==\" style=\"--smush-placeholder-width: 1020px; --smush-placeholder-aspect-ratio: 1020\/765;\" \/><\/figure><\/div><div class=\"swiper-slide\" role=\"group\" aria-roledescription=\"slide\" aria-label=\"3 von 3\" data-no-translation-aria-label=\"\"><figure class=\"swiper-slide-inner\"><img decoding=\"async\" class=\"swiper-slide-image lazyload\" data-src=\"https:\/\/auas-safarilodge.com\/wp-content\/uploads\/2025\/11\/spa4.jpeg\" alt=\"spa4\" src=\"data:image\/svg+xml;base64,PHN2ZyB3aWR0aD0iMSIgaGVpZ2h0PSIxIiB4bWxucz0iaHR0cDovL3d3dy53My5vcmcvMjAwMC9zdmciPjwvc3ZnPg==\" style=\"--smush-placeholder-width: 1020px; --smush-placeholder-aspect-ratio: 1020\/765;\" \/><\/figure><\/div>\t\t\t<\/div>\n\t\t\t\t\t\t\t\t\t\t\t\t<div class=\"elementor-swiper-button elementor-swiper-button-prev\" role=\"button\" tabindex=\"0\">\n\t\t\t\t\t\t<svg aria-hidden=\"true\" class=\"e-font-icon-svg e-eicon-chevron-left\" viewbox=\"0 0 1000 1000\" xmlns=\"http:\/\/www.w3.org\/2000\/svg\"><path d=\"M646 125C629 125 613 133 604 142L308 442C296 454 292 471 292 487 292 504 296 521 308 533L604 854C617 867 629 875 646 875 663 875 679 871 692 858 704 846 713 829 713 812 713 796 708 779 692 767L438 487 692 225C700 217 708 204 708 187 708 171 704 154 692 142 675 129 663 125 646 125Z\"><\/path><\/svg>\t\t\t\t\t<\/div>\n\t\t\t\t\t<div class=\"elementor-swiper-button elementor-swiper-button-next\" role=\"button\" tabindex=\"0\">\n\t\t\t\t\t\t<svg aria-hidden=\"true\" class=\"e-font-icon-svg e-eicon-chevron-right\" viewbox=\"0 0 1000 1000\" xmlns=\"http:\/\/www.w3.org\/2000\/svg\"><path d=\"M696 533C708 521 713 504 713 487 713 471 708 454 696 446L400 146C388 133 375 125 354 125 338 125 325 129 313 142 300 154 292 171 292 187 292 204 296 221 308 233L563 492 304 771C292 783 288 800 288 817 288 833 296 850 308 863 321 871 338 875 354 875 371 875 388 867 400 854L696 533Z\"><\/path><\/svg>\t\t\t\t\t<\/div>\n\t\t\t\t\n\t\t\t\t\t\t\t\t\t<div class=\"swiper-pagination\"><\/div>\n\t\t\t\t\t\t\t\t\t<\/div>\n\t\t\t\t\t\t<\/div>\n\t\t\t\t\t<\/div>\n\t\t\t\t<\/div>\n\t\t\t\t<\/div>","protected":false},"excerpt":{"rendered":"<p>Auas Spa Retreat Slow down, unwind and let the tranquillity of the Namibian bush embrace you. \u00a0 Our Spa Treatments At Auas SPA, we offer: Back, Neck &amp; Shoulder Massages Full Body Massages Indian Head Massage \u00a0 Auas SPA room Rates BACK, NECK AND SHOULDER MASSAGE45 min N$ 550.00This massage delivers a distinct deep-pressure massage, [&hellip;]<\/p>","protected":false},"author":2,"featured_media":0,"parent":0,"menu_order":0,"comment_status":"closed","ping_status":"closed","template":"elementor_header_footer","meta":{"footnotes":""},"class_list":["post-716","page","type-page","status-publish","hentry"],"_links":{"self":[{"href":"https:\/\/auas-safarilodge.com\/de\/wp-json\/wp\/v2\/pages\/716","targetHints":{"allow":["GET"]}}],"collection":[{"href":"https:\/\/auas-safarilodge.com\/de\/wp-json\/wp\/v2\/pages"}],"about":[{"href":"https:\/\/auas-safarilodge.com\/de\/wp-json\/wp\/v2\/types\/page"}],"author":[{"embeddable":true,"href":"https:\/\/auas-safarilodge.com\/de\/wp-json\/wp\/v2\/users\/2"}],"replies":[{"embeddable":true,"href":"https:\/\/auas-safarilodge.com\/de\/wp-json\/wp\/v2\/comments?post=716"}],"version-history":[{"count":37,"href":"https:\/\/auas-safarilodge.com\/de\/wp-json\/wp\/v2\/pages\/716\/revisions"}],"predecessor-version":[{"id":1298,"href":"https:\/\/auas-safarilodge.com\/de\/wp-json\/wp\/v2\/pages\/716\/revisions\/1298"}],"wp:attachment":[{"href":"https:\/\/auas-safarilodge.com\/de\/wp-json\/wp\/v2\/media?parent=716"}],"curies":[{"name":"wp","href":"https:\/\/api.w.org\/{rel}","templated":true}]}}