{"id":710,"date":"2025-11-18T11:20:42","date_gmt":"2025-11-18T11:20:42","guid":{"rendered":"https:\/\/dev.auas-safarilodge.com\/?page_id=710"},"modified":"2025-12-08T22:24:30","modified_gmt":"2025-12-08T22:24:30","slug":"auasbirding","status":"publish","type":"page","link":"https:\/\/auas-safarilodge.com\/de\/auasbirding\/","title":{"rendered":"auasbirding"},"content":{"rendered":"<div data-elementor-type=\"wp-page\" data-elementor-id=\"710\" class=\"elementor elementor-710\">\n\t\t\t\t<div class=\"elementor-element elementor-element-85d49bf e-con-full e-flex e-con e-parent\" data-id=\"85d49bf\" data-element_type=\"container\" data-e-type=\"container\" data-settings=\"{&quot;background_background&quot;:&quot;classic&quot;}\">\n\t\t\t\t<div class=\"elementor-element elementor-element-acb86e2 elementor-widget elementor-widget-heading\" data-id=\"acb86e2\" data-element_type=\"widget\" data-e-type=\"widget\" data-widget_type=\"heading.default\">\n\t\t\t\t\t<h2 class=\"elementor-heading-title elementor-size-default\">Auas Vogelbeobachtung<\/h2>\t\t\t\t<\/div>\n\t\t\t\t<div class=\"elementor-element elementor-element-5af05ad elementor-widget elementor-widget-text-editor\" data-id=\"5af05ad\" data-element_type=\"widget\" data-e-type=\"widget\" data-widget_type=\"text-editor.default\">\n\t\t\t\t\t\t\t\t\t<p>Ein einzigartiges Vogelbeobachtungserlebnis in den Auas-Bergen<\/p>\t\t\t\t\t\t\t\t<\/div>\n\t\t\t\t<\/div>\n\t\t<div class=\"elementor-element elementor-element-1359126 e-flex e-con-boxed e-con e-parent\" data-id=\"1359126\" data-element_type=\"container\" data-e-type=\"container\" data-settings=\"{&quot;background_background&quot;:&quot;classic&quot;}\">\n\t\t\t\t\t<div class=\"e-con-inner\">\n\t\t<div class=\"elementor-element elementor-element-3e5b240 e-grid e-con-full e-con e-child\" data-id=\"3e5b240\" data-element_type=\"container\" data-e-type=\"container\">\n\t\t<div class=\"elementor-element elementor-element-4b356cc e-con-full e-flex e-con e-child\" data-id=\"4b356cc\" data-element_type=\"container\" data-e-type=\"container\">\n\t\t\t\t<div class=\"elementor-element elementor-element-63ba022 elementor-widget elementor-widget-heading\" data-id=\"63ba022\" data-element_type=\"widget\" data-e-type=\"widget\" data-widget_type=\"heading.default\">\n\t\t\t\t\t<h2 class=\"elementor-heading-title elementor-size-default\">Auas Vogelbeobachtung \u2013 ein unvergessliches Erlebnis<\/h2>\t\t\t\t<\/div>\n\t\t\t\t<div class=\"elementor-element elementor-element-b5b9693 elementor-widget elementor-widget-text-editor\" data-id=\"b5b9693\" data-element_type=\"widget\" data-e-type=\"widget\" data-widget_type=\"text-editor.default\">\n\t\t\t\t\t\t\t\t\t<p>Du kannst die Farm auf eigene Faust erkunden, um bestimmte Vogelarten S\u00fcdafrikas zu entdecken, eine F\u00fchrung mit einem Guide f\u00fcr eine informativere Tour buchen oder einfach auf der Terrasse vor der Lodge sitzen und den Wasserloch-Bereich beobachten.<\/p><p>Die Auas Safari Lodge ist ein Paradies f\u00fcr Vogelbeobachter, denn sie beherbergt 301 verschiedene Arten. Mehrere der auf dem Naturreservat vorkommenden Vogelarten sind endemisch f\u00fcr die Region und\/oder f\u00fcr Namibia.<\/p><div>\u00a0<\/div>\t\t\t\t\t\t\t\t<\/div>\n\t\t\t\t<\/div>\n\t\t<div class=\"elementor-element elementor-element-db1a001 e-con-full e-flex e-con e-child\" data-id=\"db1a001\" data-element_type=\"container\" data-e-type=\"container\">\n\t\t\t\t<div class=\"elementor-element elementor-element-789b9c2 elementor-widget elementor-widget-image\" data-id=\"789b9c2\" data-element_type=\"widget\" data-e-type=\"widget\" data-widget_type=\"image.default\">\n\t\t\t\t\t\t\t\t\t\t\t\t\t\t\t<img fetchpriority=\"high\" decoding=\"async\" width=\"785\" height=\"439\" src=\"https:\/\/auas-safarilodge.com\/wp-content\/uploads\/2025\/12\/2.jpeg\" class=\"attachment-large size-large wp-image-886\" alt=\"\" srcset=\"https:\/\/auas-safarilodge.com\/wp-content\/uploads\/2025\/12\/2.jpeg 785w, https:\/\/auas-safarilodge.com\/wp-content\/uploads\/2025\/12\/2-300x168.jpeg 300w, https:\/\/auas-safarilodge.com\/wp-content\/uploads\/2025\/12\/2-768x429.jpeg 768w, https:\/\/auas-safarilodge.com\/wp-content\/uploads\/2025\/12\/2-18x10.jpeg 18w\" sizes=\"(max-width: 785px) 100vw, 785px\" \/>\t\t\t\t\t\t\t\t\t\t\t\t\t\t\t<\/div>\n\t\t\t\t<\/div>\n\t\t\t\t<\/div>\n\t\t\t\t\t<\/div>\n\t\t\t\t<\/div>\n\t\t<div class=\"elementor-element elementor-element-458ec30 e-flex e-con-boxed e-con e-parent\" data-id=\"458ec30\" data-element_type=\"container\" data-e-type=\"container\" data-settings=\"{&quot;background_background&quot;:&quot;classic&quot;}\">\n\t\t\t\t\t<div class=\"e-con-inner\">\n\t\t\t\t<div class=\"elementor-element elementor-element-4007c3b elementor-widget elementor-widget-text-editor\" data-id=\"4007c3b\" data-element_type=\"widget\" data-e-type=\"widget\" data-widget_type=\"text-editor.default\">\n\t\t\t\t\t\t\t\t\t<div>\u00dcber ganz Namibia verteilt machen Nationalparks und Naturschutzgebiete einen erheblichen Anteil der verf\u00fcgbaren Landesfl\u00e4che aus.<\/div><div>Dieser allgemeine Schutz bietet den V\u00f6geln Namibias ein hohes Ma\u00df an Sicherheit, und dank einiger engagierter<\/div><div>Fokusgruppen wird der spezifische Schutz der verschiedenen Vogelarten im Land gew\u00e4hrleistet.<\/div><div>Einige dieser Gruppen sind:<\/div><div>\u00a0<\/div><div>Die Namibia Nature Foundation (NNF) f\u00fchrt eine Reihe von Umweltprojekten durch und unterst\u00fctzt diese und ist seit langem<\/div><div>in der Erhaltung der Vogelwelt Namibias engagiert.<\/div><div>\u00a0<\/div><div>Raptors Namibia ist eine engagierte Gruppe von Menschen, die erfolgreich an der Umsetzung und Verwaltung verschiedener Aktionspl\u00e4ne zum Schutz<\/div><div>von Raubv\u00f6geln Namibias vor Bedrohungen wie Vergiftung, Abschuss, Stromschlag und Kollisionen mit Stromleitungen arbeitet. Sie arbeiten sehr<\/div><div>eng mit verschiedenen Organisationen zusammen, wie der Poison Working<\/div><div>Group und der Vulture Study Group.<\/div><div>\u00a0<\/div><div>NACOMA (Namibian Coast Conservation and Management Project) ist eine von der Regierung beauftragte Organisation, die sich dem Schutz der<\/div><div>K\u00fcstengebiete widmet. Neben verschiedenen anderen Aufgaben ist sie auch an der Erhaltung von Watv\u00f6geln beteiligt. In Partnerschaft mit ihnen gibt es<\/div><div>den Namibia Coastal\/Marine Bird Action Plan, der sich dem Schutz der<\/div><div>Vogelwelt Namibias widmet.<\/div>\t\t\t\t\t\t\t\t<\/div>\n\t\t\t\t\t<\/div>\n\t\t\t\t<\/div>\n\t\t<div class=\"elementor-element elementor-element-1b9e065 e-flex e-con-boxed e-con e-parent\" data-id=\"1b9e065\" data-element_type=\"container\" data-e-type=\"container\" data-settings=\"{&quot;background_background&quot;:&quot;classic&quot;}\">\n\t\t\t\t\t<div class=\"e-con-inner\">\n\t\t\t\t<div class=\"elementor-element elementor-element-0465e8e gallery-spacing-custom elementor-widget elementor-widget-image-gallery\" data-id=\"0465e8e\" data-element_type=\"widget\" data-e-type=\"widget\" data-widget_type=\"image-gallery.default\">\n\t\t\t\t\t\t\t<div class=\"elementor-image-gallery\">\n\t\t\t<div id='gallery-1' class='gallery galleryid-710 gallery-columns-4 gallery-size-medium'><figure class='gallery-item'>\n\t\t\t<div class='gallery-icon landscape'>\n\t\t\t\t<a data-elementor-open-lightbox=\"yes\" data-elementor-lightbox-slideshow=\"0465e8e\" data-elementor-lightbox-title=\"3\" data-e-action-hash=\"#elementor-action%3Aaction%3Dlightbox%26settings%3DeyJpZCI6ODg3LCJ1cmwiOiJodHRwczpcL1wvYXVhcy1zYWZhcmlsb2RnZS5jb21cL3dwLWNvbnRlbnRcL3VwbG9hZHNcLzIwMjVcLzEyXC8zLmpwZWciLCJzbGlkZXNob3ciOiIwNDY1ZThlIn0%3D\" href='https:\/\/auas-safarilodge.com\/wp-content\/uploads\/2025\/12\/3.jpeg'><img decoding=\"async\" width=\"300\" height=\"168\" data-src=\"https:\/\/auas-safarilodge.com\/wp-content\/uploads\/2025\/12\/3-300x168.jpeg\" class=\"attachment-medium size-medium lazyload\" alt=\"\" data-srcset=\"https:\/\/auas-safarilodge.com\/wp-content\/uploads\/2025\/12\/3-300x168.jpeg 300w, https:\/\/auas-safarilodge.com\/wp-content\/uploads\/2025\/12\/3-768x429.jpeg 768w, https:\/\/auas-safarilodge.com\/wp-content\/uploads\/2025\/12\/3-18x10.jpeg 18w, https:\/\/auas-safarilodge.com\/wp-content\/uploads\/2025\/12\/3.jpeg 785w\" data-sizes=\"(max-width: 300px) 100vw, 300px\" src=\"data:image\/svg+xml;base64,PHN2ZyB3aWR0aD0iMSIgaGVpZ2h0PSIxIiB4bWxucz0iaHR0cDovL3d3dy53My5vcmcvMjAwMC9zdmciPjwvc3ZnPg==\" style=\"--smush-placeholder-width: 300px; --smush-placeholder-aspect-ratio: 300\/168;\" \/><\/a>\n\t\t\t<\/div><\/figure><figure class='gallery-item'>\n\t\t\t<div class='gallery-icon landscape'>\n\t\t\t\t<a data-elementor-open-lightbox=\"yes\" data-elementor-lightbox-slideshow=\"0465e8e\" data-elementor-lightbox-title=\"2\" data-e-action-hash=\"#elementor-action%3Aaction%3Dlightbox%26settings%3DeyJpZCI6ODg2LCJ1cmwiOiJodHRwczpcL1wvYXVhcy1zYWZhcmlsb2RnZS5jb21cL3dwLWNvbnRlbnRcL3VwbG9hZHNcLzIwMjVcLzEyXC8yLmpwZWciLCJzbGlkZXNob3ciOiIwNDY1ZThlIn0%3D\" href='https:\/\/auas-safarilodge.com\/wp-content\/uploads\/2025\/12\/2.jpeg'><img decoding=\"async\" width=\"300\" height=\"168\" data-src=\"https:\/\/auas-safarilodge.com\/wp-content\/uploads\/2025\/12\/2-300x168.jpeg\" class=\"attachment-medium size-medium lazyload\" alt=\"\" data-srcset=\"https:\/\/auas-safarilodge.com\/wp-content\/uploads\/2025\/12\/2-300x168.jpeg 300w, https:\/\/auas-safarilodge.com\/wp-content\/uploads\/2025\/12\/2-768x429.jpeg 768w, https:\/\/auas-safarilodge.com\/wp-content\/uploads\/2025\/12\/2-18x10.jpeg 18w, https:\/\/auas-safarilodge.com\/wp-content\/uploads\/2025\/12\/2.jpeg 785w\" data-sizes=\"(max-width: 300px) 100vw, 300px\" src=\"data:image\/svg+xml;base64,PHN2ZyB3aWR0aD0iMSIgaGVpZ2h0PSIxIiB4bWxucz0iaHR0cDovL3d3dy53My5vcmcvMjAwMC9zdmciPjwvc3ZnPg==\" style=\"--smush-placeholder-width: 300px; --smush-placeholder-aspect-ratio: 300\/168;\" \/><\/a>\n\t\t\t<\/div><\/figure><figure class='gallery-item'>\n\t\t\t<div class='gallery-icon landscape'>\n\t\t\t\t<a data-elementor-open-lightbox=\"yes\" data-elementor-lightbox-slideshow=\"0465e8e\" data-elementor-lightbox-title=\"1\" data-e-action-hash=\"#elementor-action%3Aaction%3Dlightbox%26settings%3DeyJpZCI6ODg1LCJ1cmwiOiJodHRwczpcL1wvYXVhcy1zYWZhcmlsb2RnZS5jb21cL3dwLWNvbnRlbnRcL3VwbG9hZHNcLzIwMjVcLzEyXC8xLTEuanBlZyIsInNsaWRlc2hvdyI6IjA0NjVlOGUifQ%3D%3D\" href='https:\/\/auas-safarilodge.com\/wp-content\/uploads\/2025\/12\/1-1.jpeg'><img decoding=\"async\" width=\"300\" height=\"168\" data-src=\"https:\/\/auas-safarilodge.com\/wp-content\/uploads\/2025\/12\/1-1-300x168.jpeg\" class=\"attachment-medium size-medium lazyload\" alt=\"\" data-srcset=\"https:\/\/auas-safarilodge.com\/wp-content\/uploads\/2025\/12\/1-1-300x168.jpeg 300w, https:\/\/auas-safarilodge.com\/wp-content\/uploads\/2025\/12\/1-1-768x429.jpeg 768w, https:\/\/auas-safarilodge.com\/wp-content\/uploads\/2025\/12\/1-1-18x10.jpeg 18w, https:\/\/auas-safarilodge.com\/wp-content\/uploads\/2025\/12\/1-1.jpeg 785w\" data-sizes=\"(max-width: 300px) 100vw, 300px\" src=\"data:image\/svg+xml;base64,PHN2ZyB3aWR0aD0iMSIgaGVpZ2h0PSIxIiB4bWxucz0iaHR0cDovL3d3dy53My5vcmcvMjAwMC9zdmciPjwvc3ZnPg==\" style=\"--smush-placeholder-width: 300px; --smush-placeholder-aspect-ratio: 300\/168;\" \/><\/a>\n\t\t\t<\/div><\/figure><figure class='gallery-item'>\n\t\t\t<div class='gallery-icon landscape'>\n\t\t\t\t<a data-elementor-open-lightbox=\"yes\" data-elementor-lightbox-slideshow=\"0465e8e\" data-elementor-lightbox-title=\"birds\" data-e-action-hash=\"#elementor-action%3Aaction%3Dlightbox%26settings%3DeyJpZCI6ODg4LCJ1cmwiOiJodHRwczpcL1wvYXVhcy1zYWZhcmlsb2RnZS5jb21cL3dwLWNvbnRlbnRcL3VwbG9hZHNcLzIwMjVcLzEyXC9iaXJkcy5qcGVnIiwic2xpZGVzaG93IjoiMDQ2NWU4ZSJ9\" href='https:\/\/auas-safarilodge.com\/wp-content\/uploads\/2025\/12\/birds.jpeg'><img decoding=\"async\" width=\"300\" height=\"168\" data-src=\"https:\/\/auas-safarilodge.com\/wp-content\/uploads\/2025\/12\/birds-300x168.jpeg\" class=\"attachment-medium size-medium lazyload\" alt=\"\" data-srcset=\"https:\/\/auas-safarilodge.com\/wp-content\/uploads\/2025\/12\/birds-300x168.jpeg 300w, https:\/\/auas-safarilodge.com\/wp-content\/uploads\/2025\/12\/birds-768x429.jpeg 768w, https:\/\/auas-safarilodge.com\/wp-content\/uploads\/2025\/12\/birds-18x10.jpeg 18w, https:\/\/auas-safarilodge.com\/wp-content\/uploads\/2025\/12\/birds.jpeg 785w\" data-sizes=\"(max-width: 300px) 100vw, 300px\" src=\"data:image\/svg+xml;base64,PHN2ZyB3aWR0aD0iMSIgaGVpZ2h0PSIxIiB4bWxucz0iaHR0cDovL3d3dy53My5vcmcvMjAwMC9zdmciPjwvc3ZnPg==\" style=\"--smush-placeholder-width: 300px; --smush-placeholder-aspect-ratio: 300\/168;\" \/><\/a>\n\t\t\t<\/div><\/figure>\n\t\t<\/div>\n\t\t<\/div>\n\t\t\t\t\t\t<\/div>\n\t\t\t\t\t<\/div>\n\t\t\t\t<\/div>\n\t\t\t\t<\/div>","protected":false},"excerpt":{"rendered":"<p>Auas Birding A unique birding experience in the Auas Mountains Auas Birding \u2013 An Unforgettable Experience You can wander the farm on your own to find certain species of Southern African birds, join a guide for a more informative trip or simply sit on the patio in front of the lodge overlooking the water hole. [&hellip;]<\/p>","protected":false},"author":2,"featured_media":0,"parent":0,"menu_order":0,"comment_status":"closed","ping_status":"closed","template":"elementor_header_footer","meta":{"footnotes":""},"class_list":["post-710","page","type-page","status-publish","hentry"],"_links":{"self":[{"href":"https:\/\/auas-safarilodge.com\/de\/wp-json\/wp\/v2\/pages\/710","targetHints":{"allow":["GET"]}}],"collection":[{"href":"https:\/\/auas-safarilodge.com\/de\/wp-json\/wp\/v2\/pages"}],"about":[{"href":"https:\/\/auas-safarilodge.com\/de\/wp-json\/wp\/v2\/types\/page"}],"author":[{"embeddable":true,"href":"https:\/\/auas-safarilodge.com\/de\/wp-json\/wp\/v2\/users\/2"}],"replies":[{"embeddable":true,"href":"https:\/\/auas-safarilodge.com\/de\/wp-json\/wp\/v2\/comments?post=710"}],"version-history":[{"count":22,"href":"https:\/\/auas-safarilodge.com\/de\/wp-json\/wp\/v2\/pages\/710\/revisions"}],"predecessor-version":[{"id":1105,"href":"https:\/\/auas-safarilodge.com\/de\/wp-json\/wp\/v2\/pages\/710\/revisions\/1105"}],"wp:attachment":[{"href":"https:\/\/auas-safarilodge.com\/de\/wp-json\/wp\/v2\/media?parent=710"}],"curies":[{"name":"wp","href":"https:\/\/api.w.org\/{rel}","templated":true}]}}