{"id":629,"date":"2025-10-31T09:39:00","date_gmt":"2025-10-31T09:39:00","guid":{"rendered":"https:\/\/dev.auas-safarilodge.com\/?page_id=629"},"modified":"2025-12-11T17:36:11","modified_gmt":"2025-12-11T17:36:11","slug":"directions","status":"publish","type":"page","link":"https:\/\/auas-safarilodge.com\/de\/directions\/","title":{"rendered":"directions"},"content":{"rendered":"<div data-elementor-type=\"wp-page\" data-elementor-id=\"629\" class=\"elementor elementor-629\">\n\t\t\t\t<div class=\"elementor-element elementor-element-3d5484e e-con-full e-flex e-con e-parent\" data-id=\"3d5484e\" data-element_type=\"container\" data-e-type=\"container\" data-settings=\"{&quot;background_background&quot;:&quot;classic&quot;}\">\n\t\t\t\t<div class=\"elementor-element elementor-element-33f4506 elementor-widget elementor-widget-heading\" data-id=\"33f4506\" data-element_type=\"widget\" data-e-type=\"widget\" data-widget_type=\"heading.default\">\n\t\t\t\t\t<h2 class=\"elementor-heading-title elementor-size-default\">So erreichen Sie die Auas Safari Lodge<\/h2>\t\t\t\t<\/div>\n\t\t\t\t<div class=\"elementor-element elementor-element-c31f1e8 elementor-widget elementor-widget-text-editor\" data-id=\"c31f1e8\" data-element_type=\"widget\" data-e-type=\"widget\" data-widget_type=\"text-editor.default\">\n\t\t\t\t\t\t\t\t\t<p>Nur eine kurze Fahrt von Windhoek entfernt \u2013 hier beginnt Ihr Ausflug in die Natur.<\/p>\t\t\t\t\t\t\t\t<\/div>\n\t\t\t\t<\/div>\n\t\t<div class=\"elementor-element elementor-element-8a1d23e e-flex e-con-boxed e-con e-parent\" data-id=\"8a1d23e\" data-element_type=\"container\" data-e-type=\"container\" data-settings=\"{&quot;background_background&quot;:&quot;classic&quot;}\">\n\t\t\t\t\t<div class=\"e-con-inner\">\n\t\t<div class=\"elementor-element elementor-element-aae0328 e-con-full e-flex e-con e-child\" data-id=\"aae0328\" data-element_type=\"container\" data-e-type=\"container\">\n\t\t<div class=\"elementor-element elementor-element-91f5e28 e-con-full e-flex e-con e-child\" data-id=\"91f5e28\" data-element_type=\"container\" data-e-type=\"container\">\n\t\t\t\t<div class=\"elementor-element elementor-element-1b5c909 elementor-view-default elementor-widget elementor-widget-icon\" data-id=\"1b5c909\" data-element_type=\"widget\" data-e-type=\"widget\" data-widget_type=\"icon.default\">\n\t\t\t\t\t\t\t<div class=\"elementor-icon-wrapper\">\n\t\t\t<div class=\"elementor-icon\">\n\t\t\t<svg aria-hidden=\"true\" class=\"e-font-icon-svg e-fas-map-pin\" viewbox=\"0 0 288 512\" xmlns=\"http:\/\/www.w3.org\/2000\/svg\"><path d=\"M112 316.94v156.69l22.02 33.02c4.75 7.12 15.22 7.12 19.97 0L176 473.63V316.94c-10.39 1.92-21.06 3.06-32 3.06s-21.61-1.14-32-3.06zM144 0C64.47 0 0 64.47 0 144s64.47 144 144 144 144-64.47 144-144S223.53 0 144 0zm0 76c-37.5 0-68 30.5-68 68 0 6.62-5.38 12-12 12s-12-5.38-12-12c0-50.73 41.28-92 92-92 6.62 0 12 5.38 12 12s-5.38 12-12 12z\"><\/path><\/svg>\t\t\t<\/div>\n\t\t<\/div>\n\t\t\t\t\t\t<\/div>\n\t\t\t\t<div class=\"elementor-element elementor-element-45a5eae elementor-widget elementor-widget-text-editor\" data-id=\"45a5eae\" data-element_type=\"widget\" data-e-type=\"widget\" data-widget_type=\"text-editor.default\">\n\t\t\t\t\t\t\t\t\t<p>50 km von Windhoek City Zentrum\/\u00a0 \u00a0 \u00a0\u00a01 Stunde<\/p>\t\t\t\t\t\t\t\t<\/div>\n\t\t\t\t<\/div>\n\t\t<div class=\"elementor-element elementor-element-606f8a9 e-con-full e-flex e-con e-child\" data-id=\"606f8a9\" data-element_type=\"container\" data-e-type=\"container\">\n\t\t\t\t<div class=\"elementor-element elementor-element-57c0030 elementor-view-default elementor-widget elementor-widget-icon\" data-id=\"57c0030\" data-element_type=\"widget\" data-e-type=\"widget\" data-widget_type=\"icon.default\">\n\t\t\t\t\t\t\t<div class=\"elementor-icon-wrapper\">\n\t\t\t<div class=\"elementor-icon\">\n\t\t\t<svg aria-hidden=\"true\" class=\"e-font-icon-svg e-fas-plane\" viewbox=\"0 0 576 512\" xmlns=\"http:\/\/www.w3.org\/2000\/svg\"><path d=\"M480 192H365.71L260.61 8.06A16.014 16.014 0 0 0 246.71 0h-65.5c-10.63 0-18.3 10.17-15.38 20.39L214.86 192H112l-43.2-57.6c-3.02-4.03-7.77-6.4-12.8-6.4H16.01C5.6 128-2.04 137.78.49 147.88L32 256 .49 364.12C-2.04 374.22 5.6 384 16.01 384H56c5.04 0 9.78-2.37 12.8-6.4L112 320h102.86l-49.03 171.6c-2.92 10.22 4.75 20.4 15.38 20.4h65.5c5.74 0 11.04-3.08 13.89-8.06L365.71 320H480c35.35 0 96-28.65 96-64s-60.65-64-96-64z\"><\/path><\/svg>\t\t\t<\/div>\n\t\t<\/div>\n\t\t\t\t\t\t<\/div>\n\t\t\t\t<div class=\"elementor-element elementor-element-aba928b elementor-widget elementor-widget-text-editor\" data-id=\"aba928b\" data-element_type=\"widget\" data-e-type=\"widget\" data-widget_type=\"text-editor.default\">\n\t\t\t\t\t\t\t\t\t<p>60 vom Hosea Kutako International Airport\/ 1 Stunde<\/p>\t\t\t\t\t\t\t\t<\/div>\n\t\t\t\t<\/div>\n\t\t<div class=\"elementor-element elementor-element-bef52cc e-con-full e-flex e-con e-child\" data-id=\"bef52cc\" data-element_type=\"container\" data-e-type=\"container\">\n\t\t\t\t<div class=\"elementor-element elementor-element-5173708 elementor-view-default elementor-widget elementor-widget-icon\" data-id=\"5173708\" data-element_type=\"widget\" data-e-type=\"widget\" data-widget_type=\"icon.default\">\n\t\t\t\t\t\t\t<div class=\"elementor-icon-wrapper\">\n\t\t\t<div class=\"elementor-icon\">\n\t\t\t<svg aria-hidden=\"true\" class=\"e-font-icon-svg e-fas-car\" viewbox=\"0 0 512 512\" xmlns=\"http:\/\/www.w3.org\/2000\/svg\"><path d=\"M499.99 176h-59.87l-16.64-41.6C406.38 91.63 365.57 64 319.5 64h-127c-46.06 0-86.88 27.63-103.99 70.4L71.87 176H12.01C4.2 176-1.53 183.34.37 190.91l6 24C7.7 220.25 12.5 224 18.01 224h20.07C24.65 235.73 16 252.78 16 272v48c0 16.12 6.16 30.67 16 41.93V416c0 17.67 14.33 32 32 32h32c17.67 0 32-14.33 32-32v-32h256v32c0 17.67 14.33 32 32 32h32c17.67 0 32-14.33 32-32v-54.07c9.84-11.25 16-25.8 16-41.93v-48c0-19.22-8.65-36.27-22.07-48H494c5.51 0 10.31-3.75 11.64-9.09l6-24c1.89-7.57-3.84-14.91-11.65-14.91zm-352.06-17.83c7.29-18.22 24.94-30.17 44.57-30.17h127c19.63 0 37.28 11.95 44.57 30.17L384 208H128l19.93-49.83zM96 319.8c-19.2 0-32-12.76-32-31.9S76.8 256 96 256s48 28.71 48 47.85-28.8 15.95-48 15.95zm320 0c-19.2 0-48 3.19-48-15.95S396.8 256 416 256s32 12.76 32 31.9-12.8 31.9-32 31.9z\"><\/path><\/svg>\t\t\t<\/div>\n\t\t<\/div>\n\t\t\t\t\t\t<\/div>\n\t\t\t\t<div class=\"elementor-element elementor-element-66d170a elementor-widget elementor-widget-text-editor\" data-id=\"66d170a\" data-element_type=\"widget\" data-e-type=\"widget\" data-widget_type=\"text-editor.default\">\n\t\t\t\t\t\t\t\t\t<p>Einfache Anfahrt \u00fcber die Hauptstra\u00dfe und einen Schotterabschnitt<\/p>\t\t\t\t\t\t\t\t<\/div>\n\t\t\t\t<\/div>\n\t\t\t\t<\/div>\n\t\t\t\t\t<\/div>\n\t\t\t\t<\/div>\n\t\t<div class=\"elementor-element elementor-element-d053ff5 e-flex e-con-boxed e-con e-parent\" data-id=\"d053ff5\" data-element_type=\"container\" data-e-type=\"container\" data-settings=\"{&quot;background_background&quot;:&quot;classic&quot;}\">\n\t\t\t\t\t<div class=\"e-con-inner\">\n\t\t\t\t<div class=\"elementor-element elementor-element-b996cdf elementor-widget elementor-widget-image\" data-id=\"b996cdf\" data-element_type=\"widget\" data-e-type=\"widget\" data-widget_type=\"image.default\">\n\t\t\t\t\t\t\t\t\t\t\t\t\t\t\t<img fetchpriority=\"high\" decoding=\"async\" width=\"800\" height=\"450\" src=\"https:\/\/auas-safarilodge.com\/wp-content\/uploads\/2025\/10\/381a72ea6fcd40444c20c07cf1a8fb68002b6b33-1024x576.jpeg\" class=\"attachment-large size-large wp-image-246\" alt=\"\" srcset=\"https:\/\/auas-safarilodge.com\/wp-content\/uploads\/2025\/10\/381a72ea6fcd40444c20c07cf1a8fb68002b6b33-1024x576.jpeg 1024w, https:\/\/auas-safarilodge.com\/wp-content\/uploads\/2025\/10\/381a72ea6fcd40444c20c07cf1a8fb68002b6b33-300x169.jpeg 300w, https:\/\/auas-safarilodge.com\/wp-content\/uploads\/2025\/10\/381a72ea6fcd40444c20c07cf1a8fb68002b6b33-768x432.jpeg 768w, https:\/\/auas-safarilodge.com\/wp-content\/uploads\/2025\/10\/381a72ea6fcd40444c20c07cf1a8fb68002b6b33-1536x864.jpeg 1536w, https:\/\/auas-safarilodge.com\/wp-content\/uploads\/2025\/10\/381a72ea6fcd40444c20c07cf1a8fb68002b6b33.jpeg 1778w\" sizes=\"(max-width: 800px) 100vw, 800px\" \/>\t\t\t\t\t\t\t\t\t\t\t\t\t\t\t<\/div>\n\t\t\t\t\t<\/div>\n\t\t\t\t<\/div>\n\t\t<div class=\"elementor-element elementor-element-4c068d9 e-flex e-con-boxed e-con e-parent\" data-id=\"4c068d9\" data-element_type=\"container\" data-e-type=\"container\" data-settings=\"{&quot;background_background&quot;:&quot;classic&quot;}\">\n\t\t\t\t\t<div class=\"e-con-inner\">\n\t\t<div class=\"elementor-element elementor-element-ff3dc64 e-grid e-con-full e-con e-child\" data-id=\"ff3dc64\" data-element_type=\"container\" data-e-type=\"container\">\n\t\t\t\t<div class=\"elementor-element elementor-element-6eee2bb elementor-widget elementor-widget-heading\" data-id=\"6eee2bb\" data-element_type=\"widget\" data-e-type=\"widget\" data-widget_type=\"heading.default\">\n\t\t\t\t\t<h2 class=\"elementor-heading-title elementor-size-default\">Anfahrtsbeschreibung<\/h2>\t\t\t\t<\/div>\n\t\t\t\t<div class=\"elementor-element elementor-element-1162a10 elementor-widget elementor-widget-text-editor\" data-id=\"1162a10\" data-element_type=\"widget\" data-e-type=\"widget\" data-widget_type=\"text-editor.default\">\n\t\t\t\t\t\t\t\t\t<p data-start=\"2000\" data-end=\"2181\">Von Windhoek aus nehmen Sie die B1 nach S\u00fcden. Nach etwa 23 km biegen Sie links auf die Schotterstra\u00dfe Richtung Auas Safari Lodge ab. Folgen Sie der Stra\u00dfe ca. 22 km, bis Sie den Eingang der Lodge erreichen.<\/p><p data-start=\"2186\" data-end=\"2281\">Die Route ist gut ausgeschildert und bei normalen Wetterbedingungen f\u00fcr alle Fahrzeugtypen geeignet.<\/p>\t\t\t\t\t\t\t\t<\/div>\n\t\t\t\t<\/div>\n\t\t\t\t\t<\/div>\n\t\t\t\t<\/div>\n\t\t<div class=\"elementor-element elementor-element-d913d6b e-flex e-con-boxed e-con e-parent\" data-id=\"d913d6b\" data-element_type=\"container\" data-e-type=\"container\" data-settings=\"{&quot;background_background&quot;:&quot;classic&quot;}\">\n\t\t\t\t\t<div class=\"e-con-inner\">\n\t\t\t\t<div class=\"elementor-element elementor-element-6bcebe2 elementor-widget elementor-widget-heading\" data-id=\"6bcebe2\" data-element_type=\"widget\" data-e-type=\"widget\" data-widget_type=\"heading.default\">\n\t\t\t\t\t<h2 class=\"elementor-heading-title elementor-size-default\">GPS Koordinaten<\/h2>\t\t\t\t<\/div>\n\t\t\t\t<div class=\"elementor-element elementor-element-82bfc7f elementor-widget elementor-widget-text-editor\" data-id=\"82bfc7f\" data-element_type=\"widget\" data-e-type=\"widget\" data-widget_type=\"text-editor.default\">\n\t\t\t\t\t\t\t\t\t<p>22\u00ba 46&#8242; 47.928&#8243; S\u00a0 \u00a0 \u00a0 \u00a0 \u00a0 \u00a0 \u00a0 \u00a0 \u00a0 \u00a0 \u00a0 \u00a0 \u00a0 \u00a017\u00ba 1.9199999&#8243; E<\/p>\t\t\t\t\t\t\t\t<\/div>\n\t\t\t\t<div class=\"elementor-element elementor-element-dfc19cc elementor-widget elementor-widget-text-editor\" data-id=\"dfc19cc\" data-element_type=\"widget\" data-e-type=\"widget\" data-widget_type=\"text-editor.default\">\n\t\t\t\t\t\t\t\t\t<p class=\"translation-block\">Klicken Sie\u00a0<a href=\"https:\/\/www.google.com\/maps\/place\/Auas+Safari+Lodge\/@-22.7925879,17.330936,15.25z\" target=\"_blank\" rel=\"noopener\">hier\u00a0<\/a> um die Karte auf\u00a0<a href=\"https:\/\/www.google.com\/maps\/place\/Auas+Safari+Lodge\/@-22.7925879,17.330936,15.25z\" target=\"_blank\" rel=\"noopener\">Google Maps<\/a> zu sehen.<\/p>\t\t\t\t\t\t\t\t<\/div>\n\t\t\t\t\t<\/div>\n\t\t\t\t<\/div>\n\t\t\t\t<\/div>","protected":false},"excerpt":{"rendered":"<p>How to Reach Auas Safari Lodge Just a short drive from Windhoek \u2014 your escape into nature begins here. 50 km from Windhoek City Center\/\u00a0 \u00a0 \u00a0\u00a01 hour 60 from Hosea Kutako International Airport\/ 1 hour Easy access via main road + gravel section Driving Directions From Windhoek, take the B1 south. After approximately 23 [&hellip;]<\/p>","protected":false},"author":2,"featured_media":0,"parent":0,"menu_order":0,"comment_status":"closed","ping_status":"closed","template":"elementor_header_footer","meta":{"footnotes":""},"class_list":["post-629","page","type-page","status-publish","hentry"],"_links":{"self":[{"href":"https:\/\/auas-safarilodge.com\/de\/wp-json\/wp\/v2\/pages\/629","targetHints":{"allow":["GET"]}}],"collection":[{"href":"https:\/\/auas-safarilodge.com\/de\/wp-json\/wp\/v2\/pages"}],"about":[{"href":"https:\/\/auas-safarilodge.com\/de\/wp-json\/wp\/v2\/types\/page"}],"author":[{"embeddable":true,"href":"https:\/\/auas-safarilodge.com\/de\/wp-json\/wp\/v2\/users\/2"}],"replies":[{"embeddable":true,"href":"https:\/\/auas-safarilodge.com\/de\/wp-json\/wp\/v2\/comments?post=629"}],"version-history":[{"count":52,"href":"https:\/\/auas-safarilodge.com\/de\/wp-json\/wp\/v2\/pages\/629\/revisions"}],"predecessor-version":[{"id":1192,"href":"https:\/\/auas-safarilodge.com\/de\/wp-json\/wp\/v2\/pages\/629\/revisions\/1192"}],"wp:attachment":[{"href":"https:\/\/auas-safarilodge.com\/de\/wp-json\/wp\/v2\/media?parent=629"}],"curies":[{"name":"wp","href":"https:\/\/api.w.org\/{rel}","templated":true}]}}