{"id":477,"date":"2025-10-27T20:22:48","date_gmt":"2025-10-27T20:22:48","guid":{"rendered":"https:\/\/dev.auas-safarilodge.com\/?page_id=477"},"modified":"2026-03-27T08:21:37","modified_gmt":"2026-03-27T08:21:37","slug":"home-2","status":"publish","type":"page","link":"https:\/\/auas-safarilodge.com\/de\/","title":{"rendered":"home"},"content":{"rendered":"<div data-elementor-type=\"wp-page\" data-elementor-id=\"477\" class=\"elementor elementor-477\">\n\t\t\t\t<div class=\"elementor-element elementor-element-626f10f e-con-full e-flex e-con e-parent\" data-id=\"626f10f\" data-element_type=\"container\" data-e-type=\"container\" data-settings=\"{&quot;background_background&quot;:&quot;classic&quot;}\">\n\t\t\t\t<div class=\"elementor-element elementor-element-faab945 elementor-widget elementor-widget-heading\" data-id=\"faab945\" data-element_type=\"widget\" data-e-type=\"widget\" data-widget_type=\"heading.default\">\n\t\t\t\t\t<h2 class=\"elementor-heading-title elementor-size-default\">Auas Safari Lodge<\/h2>\t\t\t\t<\/div>\n\t\t<div class=\"elementor-element elementor-element-a02e21a e-con-full e-flex e-con e-child\" data-id=\"a02e21a\" data-element_type=\"container\" data-e-type=\"container\">\n\t\t\t\t<div class=\"elementor-element elementor-element-ba315f9 elementor-widget elementor-widget-button\" data-id=\"ba315f9\" data-element_type=\"widget\" data-e-type=\"widget\" data-widget_type=\"button.default\">\n\t\t\t\t\t\t\t\t\t\t<a class=\"elementor-button elementor-button-link elementor-size-sm\" href=\"http:\/\/auas-safarilodge.com\/de\/lodge\/\">\n\t\t\t\t\t\t<span class=\"elementor-button-content-wrapper\">\n\t\t\t\t\t\t<span class=\"elementor-button-icon\">\n\t\t\t\t<i aria-hidden=\"true\" class=\"icon icon-magnifier\"><\/i>\t\t\t<\/span>\n\t\t\t\t\t\t\t\t\t<span class=\"elementor-button-text\">Mehr zur Auas Safari Lodge<\/span>\n\t\t\t\t\t<\/span>\n\t\t\t\t\t<\/a>\n\t\t\t\t\t\t\t\t<\/div>\n\t\t\t\t<div class=\"elementor-element elementor-element-48905aa elementor-align-center elementor-widget elementor-widget-button\" data-id=\"48905aa\" data-element_type=\"widget\" data-e-type=\"widget\" data-widget_type=\"button.default\">\n\t\t\t\t\t\t\t\t\t\t<a class=\"elementor-button elementor-button-link elementor-size-sm\" href=\"https:\/\/book.nightsbridge.com\/19318\" target=\"_blank\">\n\t\t\t\t\t\t<span class=\"elementor-button-content-wrapper\">\n\t\t\t\t\t\t<span class=\"elementor-button-icon\">\n\t\t\t\t<i aria-hidden=\"true\" class=\"icon icon-credit-card1\"><\/i>\t\t\t<\/span>\n\t\t\t\t\t\t\t\t\t<span class=\"elementor-button-text\">Buchung und Verf\u00fcgbarkeit<\/span>\n\t\t\t\t\t<\/span>\n\t\t\t\t\t<\/a>\n\t\t\t\t\t\t\t\t<\/div>\n\t\t\t\t<\/div>\n\t\t\t\t<\/div>\n\t\t<div class=\"elementor-element elementor-element-9189037 e-grid e-con-boxed e-con e-parent\" data-id=\"9189037\" data-element_type=\"container\" data-e-type=\"container\" data-settings=\"{&quot;background_background&quot;:&quot;classic&quot;}\">\n\t\t\t\t\t<div class=\"e-con-inner\">\n\t\t<div class=\"elementor-element elementor-element-1105157 e-con-full e-flex e-con e-child\" data-id=\"1105157\" data-element_type=\"container\" data-e-type=\"container\">\n\t\t\t\t<div class=\"elementor-element elementor-element-10e8413 elementor-widget elementor-widget-heading\" data-id=\"10e8413\" data-element_type=\"widget\" data-e-type=\"widget\" data-widget_type=\"heading.default\">\n\t\t\t\t\t<h2 class=\"elementor-heading-title elementor-size-default\">Willkommen in der Auas Safari Lodge<\/h2>\t\t\t\t<\/div>\n\t\t\t\t<div class=\"elementor-element elementor-element-5e12927 elementor-widget elementor-widget-text-editor\" data-id=\"5e12927\" data-element_type=\"widget\" data-e-type=\"widget\" data-widget_type=\"text-editor.default\">\n\t\t\t\t\t\t\t\t\t<p>Nur eine Stunde Fahrt vom Hosea Kutako Flughafen entfernt liegt ein kleines Paradies im Schatten der Auas-Berge. Vierzehn komfortabel eingerichtete Standardzimmer und drei luxuri\u00f6se Zimmer, jeweils mit eigenem Bad und privater Terrasse, bieten Erholung nach einem langen Flug oder einer anstrengenden Arbeitswoche. Die fr\u00fchen Abende verbringt man am besten bei einem Getr\u00e4nk auf der Veranda, w\u00e4hrend die Sonne \u00fcber der afrikanischen Savanne untergeht. Die reiche Vogel- und Tierwelt bietet unz\u00e4hlige M\u00f6glichkeiten f\u00fcr beeindruckende Fotos. Sonnenbaden am beheizten Pool ist perfekt, um zu entspannen.\u00a0<\/p>\t\t\t\t\t\t\t\t<\/div>\n\t\t\t\t<\/div>\n\t\t\t\t<div class=\"elementor-element elementor-element-4d7bc52 elementor-widget elementor-widget-image\" data-id=\"4d7bc52\" data-element_type=\"widget\" data-e-type=\"widget\" data-widget_type=\"image.default\">\n\t\t\t\t\t\t\t\t\t\t\t\t\t\t\t<img fetchpriority=\"high\" decoding=\"async\" width=\"800\" height=\"600\" src=\"https:\/\/auas-safarilodge.com\/wp-content\/uploads\/2025\/12\/startseite-1024x768.jpg\" class=\"attachment-large size-large wp-image-923\" alt=\"\" srcset=\"https:\/\/auas-safarilodge.com\/wp-content\/uploads\/2025\/12\/startseite-1024x768.jpg 1024w, https:\/\/auas-safarilodge.com\/wp-content\/uploads\/2025\/12\/startseite-300x225.jpg 300w, https:\/\/auas-safarilodge.com\/wp-content\/uploads\/2025\/12\/startseite-768x576.jpg 768w, https:\/\/auas-safarilodge.com\/wp-content\/uploads\/2025\/12\/startseite-1536x1152.jpg 1536w, https:\/\/auas-safarilodge.com\/wp-content\/uploads\/2025\/12\/startseite-2048x1536.jpg 2048w, https:\/\/auas-safarilodge.com\/wp-content\/uploads\/2025\/12\/startseite-16x12.jpg 16w\" sizes=\"(max-width: 800px) 100vw, 800px\" \/>\t\t\t\t\t\t\t\t\t\t\t\t\t\t\t<\/div>\n\t\t\t\t\t<\/div>\n\t\t\t\t<\/div>\n\t\t<div class=\"elementor-element elementor-element-c2517e3 e-flex e-con-boxed e-con e-parent\" data-id=\"c2517e3\" data-element_type=\"container\" data-e-type=\"container\" data-settings=\"{&quot;background_background&quot;:&quot;classic&quot;}\">\n\t\t\t\t\t<div class=\"e-con-inner\">\n\t\t\t\t<div class=\"elementor-element elementor-element-09e1ef4 elementor-widget elementor-widget-heading\" data-id=\"09e1ef4\" data-element_type=\"widget\" data-e-type=\"widget\" data-widget_type=\"heading.default\">\n\t\t\t\t\t<h2 class=\"elementor-heading-title elementor-size-default\">News<\/h2>\t\t\t\t<\/div>\n\t\t\t\t<div class=\"elementor-element elementor-element-d909f22 elementor-widget elementor-widget-text-editor\" data-id=\"d909f22\" data-element_type=\"widget\" data-e-type=\"widget\" data-widget_type=\"text-editor.default\">\n\t\t\t\t\t\t\t\t\t<p>Der Pool ist seit neustem f\u00fcr Ihren Komfort beheizt.<\/p>\t\t\t\t\t\t\t\t<\/div>\n\t\t\t\t\t<\/div>\n\t\t\t\t<\/div>\n\t\t<div class=\"elementor-element elementor-element-6f8cbab e-flex e-con-boxed e-con e-parent\" data-id=\"6f8cbab\" data-element_type=\"container\" data-e-type=\"container\" data-settings=\"{&quot;background_background&quot;:&quot;classic&quot;}\">\n\t\t\t\t\t<div class=\"e-con-inner\">\n\t\t\t\t<div class=\"elementor-element elementor-element-59576e8 elementor-widget elementor-widget-heading\" data-id=\"59576e8\" data-element_type=\"widget\" data-e-type=\"widget\" data-widget_type=\"heading.default\">\n\t\t\t\t\t<h2 class=\"elementor-heading-title elementor-size-default\">Entdecken &amp; Erleben<\/h2>\t\t\t\t<\/div>\n\t\t\t\t<div class=\"elementor-element elementor-element-2b92dfc elementor-widget elementor-widget-text-editor\" data-id=\"2b92dfc\" data-element_type=\"widget\" data-e-type=\"widget\" data-widget_type=\"text-editor.default\">\n\t\t\t\t\t\t\t\t\t<p>Erkunden Sie die Tierwelt, entspannen Sie am Pool oder genie\u00dfen Sie den Ausblick \u00fcber die Savanne.<\/p>\t\t\t\t\t\t\t\t<\/div>\n\t\t<div class=\"elementor-element elementor-element-f3eeaf2 e-grid e-con-full e-con e-child\" data-id=\"f3eeaf2\" data-element_type=\"container\" data-e-type=\"container\">\n\t\t\t\t<div class=\"elementor-element elementor-element-4949a06 elementor-position-top elementor-widget elementor-widget-image-box\" data-id=\"4949a06\" data-element_type=\"widget\" data-e-type=\"widget\" data-widget_type=\"image-box.default\">\n\t\t\t\t\t<div class=\"elementor-image-box-wrapper\"><figure class=\"elementor-image-box-img\"><a href=\"https:\/\/auas-safarilodge.com\/de\/gamedrive\/\" tabindex=\"-1\"><img decoding=\"async\" width=\"765\" height=\"765\" data-src=\"https:\/\/auas-safarilodge.com\/wp-content\/uploads\/2025\/10\/gamedrive24x4.jpeg\" class=\"elementor-animation-shrink attachment-2048x2048 size-2048x2048 wp-image-598 lazyload\" alt=\"\" data-srcset=\"https:\/\/auas-safarilodge.com\/wp-content\/uploads\/2025\/10\/gamedrive24x4.jpeg 765w, https:\/\/auas-safarilodge.com\/wp-content\/uploads\/2025\/10\/gamedrive24x4-300x300.jpeg 300w, https:\/\/auas-safarilodge.com\/wp-content\/uploads\/2025\/10\/gamedrive24x4-150x150.jpeg 150w\" data-sizes=\"(max-width: 765px) 100vw, 765px\" src=\"data:image\/svg+xml;base64,PHN2ZyB3aWR0aD0iMSIgaGVpZ2h0PSIxIiB4bWxucz0iaHR0cDovL3d3dy53My5vcmcvMjAwMC9zdmciPjwvc3ZnPg==\" style=\"--smush-placeholder-width: 765px; --smush-placeholder-aspect-ratio: 765\/765;\" \/><\/a><\/figure><div class=\"elementor-image-box-content\"><h3 class=\"elementor-image-box-title\"><a href=\"https:\/\/auas-safarilodge.com\/de\/gamedrive\/\">Game Drive<\/a><\/h3><p class=\"elementor-image-box-description\">Begegnen Sie Giraffen, Zebras, Antilopen und vielen weiteren Tieren auf unserem privaten Wildreservat.<\/p><\/div><\/div>\t\t\t\t<\/div>\n\t\t\t\t<div class=\"elementor-element elementor-element-56f277e elementor-position-top elementor-widget elementor-widget-image-box\" data-id=\"56f277e\" data-element_type=\"widget\" data-e-type=\"widget\" data-widget_type=\"image-box.default\">\n\t\t\t\t\t<div class=\"elementor-image-box-wrapper\"><figure class=\"elementor-image-box-img\"><a href=\"https:\/\/auas-safarilodge.com\/de\/spa\/\" tabindex=\"-1\"><img decoding=\"async\" width=\"765\" height=\"765\" data-src=\"https:\/\/auas-safarilodge.com\/wp-content\/uploads\/2025\/12\/spa44x4.jpeg\" class=\"elementor-animation-shrink attachment-full size-full wp-image-927 lazyload\" alt=\"\" data-srcset=\"https:\/\/auas-safarilodge.com\/wp-content\/uploads\/2025\/12\/spa44x4.jpeg 765w, https:\/\/auas-safarilodge.com\/wp-content\/uploads\/2025\/12\/spa44x4-300x300.jpeg 300w, https:\/\/auas-safarilodge.com\/wp-content\/uploads\/2025\/12\/spa44x4-150x150.jpeg 150w, https:\/\/auas-safarilodge.com\/wp-content\/uploads\/2025\/12\/spa44x4-12x12.jpeg 12w\" data-sizes=\"(max-width: 765px) 100vw, 765px\" src=\"data:image\/svg+xml;base64,PHN2ZyB3aWR0aD0iMSIgaGVpZ2h0PSIxIiB4bWxucz0iaHR0cDovL3d3dy53My5vcmcvMjAwMC9zdmciPjwvc3ZnPg==\" style=\"--smush-placeholder-width: 765px; --smush-placeholder-aspect-ratio: 765\/765;\" \/><\/a><\/figure><div class=\"elementor-image-box-content\"><h3 class=\"elementor-image-box-title\"><a href=\"https:\/\/auas-safarilodge.com\/de\/spa\/\">Spa<\/a><\/h3><p class=\"elementor-image-box-description\">Genie\u00dfen Sie wohltuende Behandlungen und entspannen Sie in einer ruhigen Atmosph\u00e4re \u2013 der perfekte Ort, um zu relaxen, neue Energie zu tanken und dein Wohlbefinden zu st\u00e4rken.<\/p><\/div><\/div>\t\t\t\t<\/div>\n\t\t\t\t<div class=\"elementor-element elementor-element-413fea9 elementor-position-top elementor-widget elementor-widget-image-box\" data-id=\"413fea9\" data-element_type=\"widget\" data-e-type=\"widget\" data-widget_type=\"image-box.default\">\n\t\t\t\t\t<div class=\"elementor-image-box-wrapper\"><figure class=\"elementor-image-box-img\"><img decoding=\"async\" data-src=\"https:\/\/auas-safarilodge.com\/wp-content\/uploads\/elementor\/thumbs\/deckview2-rfpj7s0hm3p5oialgv3e9ch87xkscxagknom5npvuw.jpeg\" title=\"deckview2\" alt=\"deckview2\" class=\"elementor-animation-shrink lazyload\" src=\"data:image\/svg+xml;base64,PHN2ZyB3aWR0aD0iMSIgaGVpZ2h0PSIxIiB4bWxucz0iaHR0cDovL3d3dy53My5vcmcvMjAwMC9zdmciPjwvc3ZnPg==\" style=\"--smush-placeholder-width: 500px; --smush-placeholder-aspect-ratio: 500\/500;\" \/><\/figure><div class=\"elementor-image-box-content\"><h3 class=\"elementor-image-box-title\">Genie\u00dfen Sie den Pool<\/h3><p class=\"elementor-image-box-description\">Entspannen Sie am beheizten Pool, genie\u00dfen Sie die Aussicht auf die Berge oder genie\u00dfen Sie in Ruhe einen Sundowner.<\/p><\/div><\/div>\t\t\t\t<\/div>\n\t\t\t\t<\/div>\n\t\t\t\t\t<\/div>\n\t\t\t\t<\/div>\n\t\t<div class=\"elementor-element elementor-element-52d8f59 e-con-full e-flex e-con e-parent\" data-id=\"52d8f59\" data-element_type=\"container\" data-e-type=\"container\" data-settings=\"{&quot;background_background&quot;:&quot;classic&quot;}\">\n\t\t\t\t<div class=\"elementor-element elementor-element-5ba10d4 elementor-widget elementor-widget-heading\" data-id=\"5ba10d4\" data-element_type=\"widget\" data-e-type=\"widget\" data-widget_type=\"heading.default\">\n\t\t\t\t\t<h2 class=\"elementor-heading-title elementor-size-default\">Komfortabel \u00fcbernachten<\/h2>\t\t\t\t<\/div>\n\t\t\t\t<div class=\"elementor-element elementor-element-2955d8b elementor-widget elementor-widget-text-editor\" data-id=\"2955d8b\" data-element_type=\"widget\" data-e-type=\"widget\" data-widget_type=\"text-editor.default\">\n\t\t\t\t\t\t\t\t\t<p>Gro\u00dfz\u00fcgige Zimmer mit privaten Terrassen, eigenen Badezimmern, unserem neuen Deck und einem atemberaubenden Blick auf das namibische Buschland.<\/p>\t\t\t\t\t\t\t\t<\/div>\n\t\t\t\t<div class=\"elementor-element elementor-element-2b3afd7 elementor-arrows-position-inside elementor-pagination-position-outside elementor-widget elementor-widget-image-carousel\" data-id=\"2b3afd7\" data-element_type=\"widget\" data-e-type=\"widget\" data-settings=\"{&quot;slides_to_show&quot;:&quot;1&quot;,&quot;navigation&quot;:&quot;both&quot;,&quot;autoplay&quot;:&quot;yes&quot;,&quot;pause_on_hover&quot;:&quot;yes&quot;,&quot;pause_on_interaction&quot;:&quot;yes&quot;,&quot;autoplay_speed&quot;:5000,&quot;infinite&quot;:&quot;yes&quot;,&quot;effect&quot;:&quot;slide&quot;,&quot;speed&quot;:500}\" data-widget_type=\"image-carousel.default\">\n\t\t\t\t\t\t\t<div class=\"elementor-image-carousel-wrapper swiper\" role=\"region\" aria-roledescription=\"carousel\" aria-label=\"Image Carousel\" dir=\"ltr\">\n\t\t\t<div class=\"elementor-image-carousel swiper-wrapper\" aria-live=\"off\">\n\t\t\t\t\t\t\t\t<div class=\"swiper-slide\" role=\"group\" aria-roledescription=\"slide\" aria-label=\"1 of 9\"><figure class=\"swiper-slide-inner\"><img decoding=\"async\" class=\"swiper-slide-image lazyload\" data-src=\"https:\/\/auas-safarilodge.com\/wp-content\/uploads\/2025\/10\/luxroomsbed2-768x576.jpeg\" alt=\"luxroomsbed2\" src=\"data:image\/svg+xml;base64,PHN2ZyB3aWR0aD0iMSIgaGVpZ2h0PSIxIiB4bWxucz0iaHR0cDovL3d3dy53My5vcmcvMjAwMC9zdmciPjwvc3ZnPg==\" style=\"--smush-placeholder-width: 768px; --smush-placeholder-aspect-ratio: 768\/576;\" \/><\/figure><\/div><div class=\"swiper-slide\" role=\"group\" aria-roledescription=\"slide\" aria-label=\"2 of 9\"><figure class=\"swiper-slide-inner\"><img decoding=\"async\" class=\"swiper-slide-image lazyload\" data-src=\"https:\/\/auas-safarilodge.com\/wp-content\/uploads\/2025\/10\/standroomsbed-768x576.jpeg\" alt=\"standroomsbed\" src=\"data:image\/svg+xml;base64,PHN2ZyB3aWR0aD0iMSIgaGVpZ2h0PSIxIiB4bWxucz0iaHR0cDovL3d3dy53My5vcmcvMjAwMC9zdmciPjwvc3ZnPg==\" style=\"--smush-placeholder-width: 768px; --smush-placeholder-aspect-ratio: 768\/576;\" \/><\/figure><\/div><div class=\"swiper-slide\" role=\"group\" aria-roledescription=\"slide\" aria-label=\"3 of 9\"><figure class=\"swiper-slide-inner\"><img decoding=\"async\" class=\"swiper-slide-image lazyload\" data-src=\"https:\/\/auas-safarilodge.com\/wp-content\/uploads\/2025\/10\/famunitterasse-768x576.jpeg\" alt=\"famunitterasse\" src=\"data:image\/svg+xml;base64,PHN2ZyB3aWR0aD0iMSIgaGVpZ2h0PSIxIiB4bWxucz0iaHR0cDovL3d3dy53My5vcmcvMjAwMC9zdmciPjwvc3ZnPg==\" style=\"--smush-placeholder-width: 768px; --smush-placeholder-aspect-ratio: 768\/576;\" \/><\/figure><\/div><div class=\"swiper-slide\" role=\"group\" aria-roledescription=\"slide\" aria-label=\"4 of 9\"><figure class=\"swiper-slide-inner\"><img decoding=\"async\" class=\"swiper-slide-image lazyload\" data-src=\"https:\/\/auas-safarilodge.com\/wp-content\/uploads\/2025\/12\/deckview2-768x576.jpeg\" alt=\"deckview2\" src=\"data:image\/svg+xml;base64,PHN2ZyB3aWR0aD0iMSIgaGVpZ2h0PSIxIiB4bWxucz0iaHR0cDovL3d3dy53My5vcmcvMjAwMC9zdmciPjwvc3ZnPg==\" style=\"--smush-placeholder-width: 768px; --smush-placeholder-aspect-ratio: 768\/576;\" \/><\/figure><\/div><div class=\"swiper-slide\" role=\"group\" aria-roledescription=\"slide\" aria-label=\"5 of 9\"><figure class=\"swiper-slide-inner\"><img decoding=\"async\" class=\"swiper-slide-image lazyload\" data-src=\"https:\/\/auas-safarilodge.com\/wp-content\/uploads\/2025\/12\/deckview3-768x576.jpg\" alt=\"deckview3\" src=\"data:image\/svg+xml;base64,PHN2ZyB3aWR0aD0iMSIgaGVpZ2h0PSIxIiB4bWxucz0iaHR0cDovL3d3dy53My5vcmcvMjAwMC9zdmciPjwvc3ZnPg==\" style=\"--smush-placeholder-width: 768px; --smush-placeholder-aspect-ratio: 768\/576;\" \/><\/figure><\/div><div class=\"swiper-slide\" role=\"group\" aria-roledescription=\"slide\" aria-label=\"6 of 9\"><figure class=\"swiper-slide-inner\"><img decoding=\"async\" class=\"swiper-slide-image lazyload\" data-src=\"https:\/\/auas-safarilodge.com\/wp-content\/uploads\/2025\/12\/coffeystation-768x576.jpeg\" alt=\"coffeystation\" src=\"data:image\/svg+xml;base64,PHN2ZyB3aWR0aD0iMSIgaGVpZ2h0PSIxIiB4bWxucz0iaHR0cDovL3d3dy53My5vcmcvMjAwMC9zdmciPjwvc3ZnPg==\" style=\"--smush-placeholder-width: 768px; --smush-placeholder-aspect-ratio: 768\/576;\" \/><\/figure><\/div><div class=\"swiper-slide\" role=\"group\" aria-roledescription=\"slide\" aria-label=\"7 of 9\"><figure class=\"swiper-slide-inner\"><img decoding=\"async\" class=\"swiper-slide-image lazyload\" data-src=\"https:\/\/auas-safarilodge.com\/wp-content\/uploads\/2025\/12\/fruhterasse1-768x576.jpeg\" alt=\"fr\u00fchterasse1\" src=\"data:image\/svg+xml;base64,PHN2ZyB3aWR0aD0iMSIgaGVpZ2h0PSIxIiB4bWxucz0iaHR0cDovL3d3dy53My5vcmcvMjAwMC9zdmciPjwvc3ZnPg==\" style=\"--smush-placeholder-width: 768px; --smush-placeholder-aspect-ratio: 768\/576;\" \/><\/figure><\/div><div class=\"swiper-slide\" role=\"group\" aria-roledescription=\"slide\" aria-label=\"8 of 9\"><figure class=\"swiper-slide-inner\"><img decoding=\"async\" class=\"swiper-slide-image lazyload\" data-src=\"https:\/\/auas-safarilodge.com\/wp-content\/uploads\/2025\/12\/deck1-768x576.jpeg\" alt=\"deck1\" src=\"data:image\/svg+xml;base64,PHN2ZyB3aWR0aD0iMSIgaGVpZ2h0PSIxIiB4bWxucz0iaHR0cDovL3d3dy53My5vcmcvMjAwMC9zdmciPjwvc3ZnPg==\" style=\"--smush-placeholder-width: 768px; --smush-placeholder-aspect-ratio: 768\/576;\" \/><\/figure><\/div><div class=\"swiper-slide\" role=\"group\" aria-roledescription=\"slide\" aria-label=\"9 of 9\"><figure class=\"swiper-slide-inner\"><img decoding=\"async\" class=\"swiper-slide-image lazyload\" data-src=\"https:\/\/auas-safarilodge.com\/wp-content\/uploads\/2025\/12\/terasse2-768x576.jpeg\" alt=\"terasse2\" src=\"data:image\/svg+xml;base64,PHN2ZyB3aWR0aD0iMSIgaGVpZ2h0PSIxIiB4bWxucz0iaHR0cDovL3d3dy53My5vcmcvMjAwMC9zdmciPjwvc3ZnPg==\" style=\"--smush-placeholder-width: 768px; --smush-placeholder-aspect-ratio: 768\/576;\" \/><\/figure><\/div>\t\t\t<\/div>\n\t\t\t\t\t\t\t\t\t\t\t\t<div class=\"elementor-swiper-button elementor-swiper-button-prev\" role=\"button\" tabindex=\"0\">\n\t\t\t\t\t\t<svg aria-hidden=\"true\" class=\"e-font-icon-svg e-eicon-chevron-left\" viewbox=\"0 0 1000 1000\" xmlns=\"http:\/\/www.w3.org\/2000\/svg\"><path d=\"M646 125C629 125 613 133 604 142L308 442C296 454 292 471 292 487 292 504 296 521 308 533L604 854C617 867 629 875 646 875 663 875 679 871 692 858 704 846 713 829 713 812 713 796 708 779 692 767L438 487 692 225C700 217 708 204 708 187 708 171 704 154 692 142 675 129 663 125 646 125Z\"><\/path><\/svg>\t\t\t\t\t<\/div>\n\t\t\t\t\t<div class=\"elementor-swiper-button elementor-swiper-button-next\" role=\"button\" tabindex=\"0\">\n\t\t\t\t\t\t<svg aria-hidden=\"true\" class=\"e-font-icon-svg e-eicon-chevron-right\" viewbox=\"0 0 1000 1000\" xmlns=\"http:\/\/www.w3.org\/2000\/svg\"><path d=\"M696 533C708 521 713 504 713 487 713 471 708 454 696 446L400 146C388 133 375 125 354 125 338 125 325 129 313 142 300 154 292 171 292 187 292 204 296 221 308 233L563 492 304 771C292 783 288 800 288 817 288 833 296 850 308 863 321 871 338 875 354 875 371 875 388 867 400 854L696 533Z\"><\/path><\/svg>\t\t\t\t\t<\/div>\n\t\t\t\t\n\t\t\t\t\t\t\t\t\t<div class=\"swiper-pagination\"><\/div>\n\t\t\t\t\t\t\t\t\t<\/div>\n\t\t\t\t\t\t<\/div>\n\t\t\t\t<\/div>\n\t\t<div class=\"elementor-element elementor-element-41dc6b5 e-flex e-con-boxed e-con e-parent\" data-id=\"41dc6b5\" data-element_type=\"container\" data-e-type=\"container\" data-settings=\"{&quot;background_background&quot;:&quot;classic&quot;}\">\n\t\t\t\t\t<div class=\"e-con-inner\">\n\t\t<div class=\"elementor-element elementor-element-e7f9afa e-con-full e-flex e-con e-child\" data-id=\"e7f9afa\" data-element_type=\"container\" data-e-type=\"container\">\n\t\t\t\t<div class=\"elementor-element elementor-element-2fabcf8 elementor-widget elementor-widget-google_maps\" data-id=\"2fabcf8\" data-element_type=\"widget\" data-e-type=\"widget\" data-widget_type=\"google_maps.default\">\n\t\t\t\t\t\t\t<div class=\"elementor-custom-embed\">\n\t\t\t<iframe\n\t\t\t\t\tdata-src=\"https:\/\/maps.google.com\/maps?q=Auas%20Safari&#038;t=m&#038;z=9&#038;output=embed&#038;iwloc=near\"\n\t\t\t\t\ttitle=\"Auas Safari\"\n\t\t\t\t\taria-label=\"Auas Safari\"\n\t\t\t src=\"data:image\/svg+xml;base64,PHN2ZyB3aWR0aD0iMSIgaGVpZ2h0PSIxIiB4bWxucz0iaHR0cDovL3d3dy53My5vcmcvMjAwMC9zdmciPjwvc3ZnPg==\" class=\"lazyload\" data-load-mode=\"1\"><\/iframe>\n\t\t<\/div>\n\t\t\t\t\t\t<\/div>\n\t\t\t\t<\/div>\n\t\t<div class=\"elementor-element elementor-element-5d2c1e7 e-con-full e-flex e-con e-child\" data-id=\"5d2c1e7\" data-element_type=\"container\" data-e-type=\"container\">\n\t\t\t\t<div class=\"elementor-element elementor-element-604675c elementor-widget elementor-widget-heading\" data-id=\"604675c\" data-element_type=\"widget\" data-e-type=\"widget\" data-widget_type=\"heading.default\">\n\t\t\t\t\t<h2 class=\"elementor-heading-title elementor-size-default\">So finden Sie uns<\/h2>\t\t\t\t<\/div>\n\t\t\t\t<div class=\"elementor-element elementor-element-2140fdd elementor-widget elementor-widget-text-editor\" data-id=\"2140fdd\" data-element_type=\"widget\" data-e-type=\"widget\" data-widget_type=\"text-editor.default\">\n\t\t\t\t\t\t\t\t\t<p>G\u00fcnstig gelegen, nur 1 Stunde s\u00fcdlich von Windhoek oder 1 Stunde vom Hosea-Kutako Internationalen Flughafen entfernt \u2013 der ideale Start- oder Endpunkt f\u00fcr dein Namibia-Abenteuer.<\/p>\t\t\t\t\t\t\t\t<\/div>\n\t\t\t\t<\/div>\n\t\t\t\t\t<\/div>\n\t\t\t\t<\/div>\n\t\t\t\t<\/div>","protected":false},"excerpt":{"rendered":"<p>Auas Safari Lodge More about Auas Safari Lodge Bookings and Availability Welcome to Auas Safari Lodge Less than an hour\u2019s drive from Hosea Kutako Airport lies a piece of paradise in the shade of the Auas Mountains. Fourteen well-appointed standard rooms\u00a0 and 3 Luxury rooms each with en-suite bathrooms and private terraces offer respite after [&hellip;]<\/p>","protected":false},"author":2,"featured_media":0,"parent":0,"menu_order":0,"comment_status":"closed","ping_status":"closed","template":"elementor_header_footer","meta":{"footnotes":""},"class_list":["post-477","page","type-page","status-publish","hentry"],"_links":{"self":[{"href":"https:\/\/auas-safarilodge.com\/de\/wp-json\/wp\/v2\/pages\/477","targetHints":{"allow":["GET"]}}],"collection":[{"href":"https:\/\/auas-safarilodge.com\/de\/wp-json\/wp\/v2\/pages"}],"about":[{"href":"https:\/\/auas-safarilodge.com\/de\/wp-json\/wp\/v2\/types\/page"}],"author":[{"embeddable":true,"href":"https:\/\/auas-safarilodge.com\/de\/wp-json\/wp\/v2\/users\/2"}],"replies":[{"embeddable":true,"href":"https:\/\/auas-safarilodge.com\/de\/wp-json\/wp\/v2\/comments?post=477"}],"version-history":[{"count":115,"href":"https:\/\/auas-safarilodge.com\/de\/wp-json\/wp\/v2\/pages\/477\/revisions"}],"predecessor-version":[{"id":1339,"href":"https:\/\/auas-safarilodge.com\/de\/wp-json\/wp\/v2\/pages\/477\/revisions\/1339"}],"wp:attachment":[{"href":"https:\/\/auas-safarilodge.com\/de\/wp-json\/wp\/v2\/media?parent=477"}],"curies":[{"name":"wp","href":"https:\/\/api.w.org\/{rel}","templated":true}]}}