{"id":1034,"date":"2025-12-08T21:10:29","date_gmt":"2025-12-08T21:10:29","guid":{"rendered":"https:\/\/dev.auas-safarilodge.com\/?page_id=1034"},"modified":"2026-03-24T09:52:38","modified_gmt":"2026-03-24T09:52:38","slug":"rates","status":"publish","type":"page","link":"https:\/\/auas-safarilodge.com\/de\/rates\/","title":{"rendered":"rates"},"content":{"rendered":"<div data-elementor-type=\"wp-page\" data-elementor-id=\"1034\" class=\"elementor elementor-1034\">\n\t\t\t\t<div class=\"elementor-element elementor-element-82583a3 e-con-full e-flex e-con e-parent\" data-id=\"82583a3\" data-element_type=\"container\" data-e-type=\"container\" data-settings=\"{&quot;background_background&quot;:&quot;classic&quot;}\">\n\t\t\t\t<div class=\"elementor-element elementor-element-9fed50c elementor-widget elementor-widget-heading\" data-id=\"9fed50c\" data-element_type=\"widget\" data-e-type=\"widget\" data-widget_type=\"heading.default\">\n\t\t\t\t\t<h2 class=\"elementor-heading-title elementor-size-default\">Preise<\/h2>\t\t\t\t<\/div>\n\t\t\t\t<\/div>\n\t\t<div class=\"elementor-element elementor-element-be6497f e-flex e-con-boxed e-con e-parent\" data-id=\"be6497f\" data-element_type=\"container\" data-e-type=\"container\" data-settings=\"{&quot;background_background&quot;:&quot;classic&quot;}\">\n\t\t\t\t\t<div class=\"e-con-inner\">\n\t\t\t\t<div class=\"elementor-element elementor-element-a911a79 elementor-widget elementor-widget-heading\" data-id=\"a911a79\" data-element_type=\"widget\" data-e-type=\"widget\" data-widget_type=\"heading.default\">\n\t\t\t\t\t<h2 class=\"elementor-heading-title elementor-size-default\">2026<\/h2>\t\t\t\t<\/div>\n\t\t<div class=\"elementor-element elementor-element-0de67a1 e-grid e-con-full e-con e-child\" data-id=\"0de67a1\" data-element_type=\"container\" data-e-type=\"container\" data-settings=\"{&quot;background_background&quot;:&quot;classic&quot;}\">\n\t\t<div class=\"elementor-element elementor-element-83ea944 e-con-full e-flex e-con e-child\" data-id=\"83ea944\" data-element_type=\"container\" data-e-type=\"container\">\n\t\t\t\t<div class=\"elementor-element elementor-element-dc8446a elementor-widget elementor-widget-text-editor\" data-id=\"dc8446a\" data-element_type=\"widget\" data-e-type=\"widget\" data-widget_type=\"text-editor.default\">\n\t\t\t\t\t\t\t\t\t<p><span style=\"text-decoration: underline;\">Standart Preise<\/span><\/p><p>Einzelzimmer: N$ 2760.00<\/p><p>Doppel Zimmer : N$ 4720.00<\/p><p>Luxus Einzelzimmer: N$ 3520.00<\/p><p>Luxus Doppelzimmer: N$ 6250.00<\/p><p>Kinder: (3-6 Jahre) im Zimmer der Eltern: N$ 460.00<\/p><p>Kinder (7-12 Jahre) im Zimmer der Eltern: N$1500.00<\/p><p>Tour Guide: N$ 1500.00<\/p><p>(Abendessen, \u00dcbernachtung &amp; Fr\u00fchst\u00fcck)<\/p>\t\t\t\t\t\t\t\t<\/div>\n\t\t\t\t<\/div>\n\t\t<div class=\"elementor-element elementor-element-cd53ad2 e-con-full e-flex e-con e-child\" data-id=\"cd53ad2\" data-element_type=\"container\" data-e-type=\"container\">\n\t\t\t\t<div class=\"elementor-element elementor-element-99053f1 elementor-widget elementor-widget-text-editor\" data-id=\"99053f1\" data-element_type=\"widget\" data-e-type=\"widget\" data-widget_type=\"text-editor.default\">\n\t\t\t\t\t\t\t\t\t<p><span style=\"text-decoration: underline;\">Namibian Preise<\/span><\/p><p>Einzelzimmer: N$ 2490.00<\/p><p>Doppel Zimmer : N$ 4250.00<\/p><p>Luxus Einzelzimmer: N$ 3170.00<\/p><p>Luxus Doppelzimmer: N$ 5625.00<\/p><p>Kinder: (3-6 Jahre) im Zimmer der Eltern: N$ 460.00<\/p><p>Kinder (7-12 Jahre) im Zimmer der Eltern: N$1500.00<\/p><p>Tour Guide: N$ 1500.00<\/p><p>(Abendessen, \u00dcbernachtung &amp; Fr\u00fchst\u00fcck)<\/p>\t\t\t\t\t\t\t\t<\/div>\n\t\t\t\t<\/div>\n\t\t\t\t<\/div>\n\t\t<div class=\"elementor-element elementor-element-1e64cbb e-con-full e-flex e-con e-child\" data-id=\"1e64cbb\" data-element_type=\"container\" data-e-type=\"container\">\n\t\t\t\t<div class=\"elementor-element elementor-element-6b6545e elementor-widget elementor-widget-text-editor\" data-id=\"6b6545e\" data-element_type=\"widget\" data-e-type=\"widget\" data-widget_type=\"text-editor.default\">\n\t\t\t\t\t\t\t\t\t<p>Game drive: N$ 500.00<\/p><p>Dinner: N$ 420.00<\/p><p>Lunch (two course meal): N$ 360.00<\/p><p><span style=\"text-decoration: underline;\">Tagesbesucher<\/span><\/p><p>Adults: N$ 180.00<\/p><p>Children (3-6 years): N$ 80.00<\/p><p>Children (7-12 years): N$ 120.00<\/p>\t\t\t\t\t\t\t\t<\/div>\n\t\t\t\t<\/div>\n\t\t\t\t\t<\/div>\n\t\t\t\t<\/div>\n\t\t<div class=\"elementor-element elementor-element-07a5c32 e-flex e-con-boxed e-con e-parent\" data-id=\"07a5c32\" data-element_type=\"container\" data-e-type=\"container\" data-settings=\"{&quot;background_background&quot;:&quot;classic&quot;}\">\n\t\t\t\t\t<div class=\"e-con-inner\">\n\t\t\t\t<div class=\"elementor-element elementor-element-1aec351 elementor-widget elementor-widget-text-editor\" data-id=\"1aec351\" data-element_type=\"widget\" data-e-type=\"widget\" data-widget_type=\"text-editor.default\">\n\t\t\t\t\t\t\t\t\t<p>Laden Sie unsere Preislisten herunter:<\/p>\t\t\t\t\t\t\t\t<\/div>\n\t\t<div class=\"elementor-element elementor-element-c4c7f7c e-con-full e-flex e-con e-child\" data-id=\"c4c7f7c\" data-element_type=\"container\" data-e-type=\"container\">\n\t\t\t\t<div class=\"elementor-element elementor-element-437d6f8 elementor-widget elementor-widget-shortcode\" data-id=\"437d6f8\" data-element_type=\"widget\" data-e-type=\"widget\" data-widget_type=\"shortcode.default\">\n\t\t\t\t\t\t\t<div class=\"elementor-shortcode\"><a  data-e-disable-page-transition=\"true\" class=\"download-link\" title=\"\" href=\"https:\/\/auas-safarilodge.com\/de\/download\/1314\/?tmstv=1775523215\" rel=\"nofollow\" id=\"download-link-1314\" data-redirect=\"false\" >\n\tRackRates2026\t(39 Downloads\t)\n<\/a>\n<\/div>\n\t\t\t\t\t\t<\/div>\n\t\t\t\t<\/div>\n\t\t\t\t\t<\/div>\n\t\t\t\t<\/div>\n\t\t\t\t<\/div>","protected":false},"excerpt":{"rendered":"<p>Rates 2026 Rack Rate Single Room: N$ 2760.00 Double Room : N$ 4720.00 Luxury Single: N$ 3520.00 Luxury Double: N$ 6250.00 Children: (3-6 yrs) sharing: N$ 460.00 Children (7-12yrs) Sharing: N$1500.00 Tour Guide: N$ 1500.00 (Dinner Bed &amp; Breakfast) Namibian Rate Single Room: N$ 2490.00 Double Room : N$ 4250.00 Luxury Single: N$ 3170.00 Luxury [&hellip;]<\/p>","protected":false},"author":2,"featured_media":0,"parent":0,"menu_order":0,"comment_status":"closed","ping_status":"closed","template":"elementor_header_footer","meta":{"footnotes":""},"class_list":["post-1034","page","type-page","status-publish","hentry"],"_links":{"self":[{"href":"https:\/\/auas-safarilodge.com\/de\/wp-json\/wp\/v2\/pages\/1034","targetHints":{"allow":["GET"]}}],"collection":[{"href":"https:\/\/auas-safarilodge.com\/de\/wp-json\/wp\/v2\/pages"}],"about":[{"href":"https:\/\/auas-safarilodge.com\/de\/wp-json\/wp\/v2\/types\/page"}],"author":[{"embeddable":true,"href":"https:\/\/auas-safarilodge.com\/de\/wp-json\/wp\/v2\/users\/2"}],"replies":[{"embeddable":true,"href":"https:\/\/auas-safarilodge.com\/de\/wp-json\/wp\/v2\/comments?post=1034"}],"version-history":[{"count":44,"href":"https:\/\/auas-safarilodge.com\/de\/wp-json\/wp\/v2\/pages\/1034\/revisions"}],"predecessor-version":[{"id":1319,"href":"https:\/\/auas-safarilodge.com\/de\/wp-json\/wp\/v2\/pages\/1034\/revisions\/1319"}],"wp:attachment":[{"href":"https:\/\/auas-safarilodge.com\/de\/wp-json\/wp\/v2\/media?parent=1034"}],"curies":[{"name":"wp","href":"https:\/\/api.w.org\/{rel}","templated":true}]}}